{"id":1381,"date":"2023-09-12T12:40:41","date_gmt":"2023-09-12T12:40:41","guid":{"rendered":"https:\/\/web4.rkinformatika.net\/avpsicologia\/?page_id=1381"},"modified":"2024-07-11T12:46:08","modified_gmt":"2024-07-11T12:46:08","slug":"sexologia","status":"publish","type":"page","link":"https:\/\/avpsicologia.eus\/eus\/sexologia\/","title":{"rendered":"Sexologia"},"content":{"rendered":"<div data-elementor-type=\"wp-page\" data-elementor-id=\"1381\" class=\"elementor elementor-1381\" data-elementor-post-type=\"page\">\n\t\t\t\t\t\t<section class=\"elementor-section elementor-top-section elementor-element elementor-element-d6945a7 elementor-section-boxed elementor-section-height-default elementor-section-height-default\" data-id=\"d6945a7\" data-element_type=\"section\" data-e-type=\"section\" data-settings=\"{&quot;background_background&quot;:&quot;classic&quot;}\">\n\t\t\t\t\t\t\t<div class=\"elementor-background-overlay\"><\/div>\n\t\t\t\t\t\t\t<div class=\"elementor-container elementor-column-gap-default\">\n\t\t\t\t\t<div class=\"elementor-column elementor-col-100 elementor-top-column elementor-element elementor-element-8e127d0\" data-id=\"8e127d0\" data-element_type=\"column\" data-e-type=\"column\">\n\t\t\t<div class=\"elementor-widget-wrap\">\n\t\t\t\t\t\t\t<\/div>\n\t\t<\/div>\n\t\t\t\t\t<\/div>\n\t\t<\/section>\n\t\t\t\t<section class=\"elementor-section elementor-top-section elementor-element elementor-element-54a5e0f elementor-section-boxed elementor-section-height-default elementor-section-height-default\" data-id=\"54a5e0f\" data-element_type=\"section\" data-e-type=\"section\">\n\t\t\t\t\t\t<div class=\"elementor-container elementor-column-gap-default\">\n\t\t\t\t\t<div class=\"elementor-column elementor-col-100 elementor-top-column elementor-element elementor-element-4665f37\" data-id=\"4665f37\" data-element_type=\"column\" data-e-type=\"column\">\n\t\t\t<div class=\"elementor-widget-wrap elementor-element-populated\">\n\t\t\t\t\t\t<div class=\"elementor-element elementor-element-6bcb27c elementor-widget elementor-widget-heading\" data-id=\"6bcb27c\" data-element_type=\"widget\" data-e-type=\"widget\" data-widget_type=\"heading.default\">\n\t\t\t\t<div class=\"elementor-widget-container\">\n\t\t\t\t\t<h1 class=\"elementor-heading-title elementor-size-default\">Sexologia<\/h1>\t\t\t\t<\/div>\n\t\t\t\t<\/div>\n\t\t\t\t\t<\/div>\n\t\t<\/div>\n\t\t\t\t\t<\/div>\n\t\t<\/section>\n\t\t\t\t<section class=\"elementor-section elementor-top-section elementor-element elementor-element-b296266 elementor-section-boxed elementor-section-height-default elementor-section-height-default\" data-id=\"b296266\" data-element_type=\"section\" data-e-type=\"section\">\n\t\t\t\t\t\t<div class=\"elementor-container elementor-column-gap-default\">\n\t\t\t\t\t<div class=\"elementor-column elementor-col-100 elementor-top-column elementor-element elementor-element-16931ac\" data-id=\"16931ac\" data-element_type=\"column\" data-e-type=\"column\">\n\t\t\t<div class=\"elementor-widget-wrap elementor-element-populated\">\n\t\t\t\t\t\t<div class=\"elementor-element elementor-element-ab76ff0 elementor-widget elementor-widget-text-editor\" data-id=\"ab76ff0\" data-element_type=\"widget\" data-e-type=\"widget\" data-widget_type=\"text-editor.default\">\n\t\t\t\t<div class=\"elementor-widget-container\">\n\t\t\t\t\t\t\t\t\t<p>Sexologia, sexualitatea modu zabalean azaltzeko eta ulertzeko ezinbestekoa da. Sexualitatearen ikuspegi positiboa eta osasungarria sustatuz, Nor naiz\/gara? Zer zailtasun ditut\/ditugu? bezalako galderak eginez, bizitzako funtsezko alderdi gisahartzen dugu. Norbanakoa ezagutzeak, asko laguntzen du sexu-ongizatean eta ongizate orokorrean.<\/p><p>Sexu- eta bikote-terapia tresna baliagarriak dira sexu-bizitzaren eta bikote-harremanen erronkei aurre egiteko. Zailtasun sexaulei edo harremanei aurre egiteko laguntza eskaintzen dut, soluzioetan, aniztasunean eta onarpenean oinarritutako ikuspegia jarraituz.<\/p><p>Sexu-terapiak zure sexualitatea ulertzen lagun diezazuke. Gaur egun, beharbada, berezitasunean eta aniztasunean oinarritutako galderak erantzuten baino, ezarritako kanpoko \u201carauak\u201d onartzen baigaude.<\/p><p>\u00a0<\/p>\t\t\t\t\t\t\t\t<\/div>\n\t\t\t\t<\/div>\n\t\t\t\t\t<\/div>\n\t\t<\/div>\n\t\t\t\t\t<\/div>\n\t\t<\/section>\n\t\t\t\t<section class=\"elementor-section elementor-top-section elementor-element elementor-element-6598af5 elementor-section-boxed elementor-section-height-default elementor-section-height-default\" data-id=\"6598af5\" data-element_type=\"section\" data-e-type=\"section\">\n\t\t\t\t\t\t<div class=\"elementor-container elementor-column-gap-default\">\n\t\t\t\t\t<div class=\"elementor-column elementor-col-100 elementor-top-column elementor-element elementor-element-a4ff8a5\" data-id=\"a4ff8a5\" data-element_type=\"column\" data-e-type=\"column\">\n\t\t\t<div class=\"elementor-widget-wrap elementor-element-populated\">\n\t\t\t\t\t\t<div class=\"elementor-element elementor-element-c215b97 elementor-widget elementor-widget-heading\" data-id=\"c215b97\" data-element_type=\"widget\" data-e-type=\"widget\" data-widget_type=\"heading.default\">\n\t\t\t\t<div class=\"elementor-widget-container\">\n\t\t\t\t\t<h2 class=\"elementor-heading-title elementor-size-default\">Zertan lagunduko dizut?<\/h2>\t\t\t\t<\/div>\n\t\t\t\t<\/div>\n\t\t\t\t\t<\/div>\n\t\t<\/div>\n\t\t\t\t\t<\/div>\n\t\t<\/section>\n\t\t\t\t<section class=\"elementor-section elementor-top-section elementor-element elementor-element-82a257e elementor-section-boxed elementor-section-height-default elementor-section-height-default\" data-id=\"82a257e\" data-element_type=\"section\" data-e-type=\"section\">\n\t\t\t\t\t\t<div class=\"elementor-container elementor-column-gap-default\">\n\t\t\t\t\t<div class=\"elementor-column elementor-col-100 elementor-top-column elementor-element elementor-element-bfa9cfd\" data-id=\"bfa9cfd\" data-element_type=\"column\" data-e-type=\"column\">\n\t\t\t<div class=\"elementor-widget-wrap elementor-element-populated\">\n\t\t\t\t\t\t<div class=\"elementor-element elementor-element-2e0e1d5 elementor-widget elementor-widget-text-editor\" data-id=\"2e0e1d5\" data-element_type=\"widget\" data-e-type=\"widget\" data-widget_type=\"text-editor.default\">\n\t\t\t\t<div class=\"elementor-widget-container\">\n\t\t\t\t\t\t\t\t\t<ul><li>Zure sexu-identitatea lantzea; Nor naiz? Zelan sentitzen naiz?<\/li><li>Autoestimu erotikoa eta autoirudia sustatzea<\/li><li>Desiraren orientazioa lantzea; Nor desiratzen dut? Nola desiratzen ditut?<\/li><li>Plazerak eta kitzikapena lantzea.<\/li><li>Emozioen papera eta jokabide erotikoan duten eragina lantzea<\/li><li>Abusuzko esperientziak edota  esperientzia negatiboak kudeatzen ikastea<\/li><li>Jokabide erotikoen zaintzarako eta ongizaterako baliabideak eskuratzea<\/li><\/ul>\t\t\t\t\t\t\t\t<\/div>\n\t\t\t\t<\/div>\n\t\t\t\t\t<\/div>\n\t\t<\/div>\n\t\t\t\t\t<\/div>\n\t\t<\/section>\n\t\t\t\t<section class=\"elementor-section elementor-top-section elementor-element elementor-element-68d3126 elementor-section-boxed elementor-section-height-default elementor-section-height-default\" data-id=\"68d3126\" data-element_type=\"section\" data-e-type=\"section\">\n\t\t\t\t\t\t<div class=\"elementor-container elementor-column-gap-default\">\n\t\t\t\t\t<div class=\"elementor-column elementor-col-100 elementor-top-column elementor-element elementor-element-928622c\" data-id=\"928622c\" data-element_type=\"column\" data-e-type=\"column\">\n\t\t\t<div class=\"elementor-widget-wrap elementor-element-populated\">\n\t\t\t\t\t\t<div class=\"elementor-element elementor-element-d6ea17a elementor-widget elementor-widget-heading\" data-id=\"d6ea17a\" data-element_type=\"widget\" data-e-type=\"widget\" data-widget_type=\"heading.default\">\n\t\t\t\t<div class=\"elementor-widget-container\">\n\t\t\t\t\t<h2 class=\"elementor-heading-title elementor-size-default\">Zertan lagunduko dizuet?<\/h2>\t\t\t\t<\/div>\n\t\t\t\t<\/div>\n\t\t\t\t\t<\/div>\n\t\t<\/div>\n\t\t\t\t\t<\/div>\n\t\t<\/section>\n\t\t\t\t<section class=\"elementor-section elementor-top-section elementor-element elementor-element-d712951 elementor-section-boxed elementor-section-height-default elementor-section-height-default\" data-id=\"d712951\" data-element_type=\"section\" data-e-type=\"section\">\n\t\t\t\t\t\t<div class=\"elementor-container elementor-column-gap-default\">\n\t\t\t\t\t<div class=\"elementor-column elementor-col-100 elementor-top-column elementor-element elementor-element-6ff5d78\" data-id=\"6ff5d78\" data-element_type=\"column\" data-e-type=\"column\">\n\t\t\t<div class=\"elementor-widget-wrap elementor-element-populated\">\n\t\t\t\t\t\t<div class=\"elementor-element elementor-element-9c8cfb9 elementor-widget elementor-widget-text-editor\" data-id=\"9c8cfb9\" data-element_type=\"widget\" data-e-type=\"widget\" data-widget_type=\"text-editor.default\">\n\t\t\t\t<div class=\"elementor-widget-container\">\n\t\t\t\t\t\t\t\t\t<ul><li>Plazera eta erotika lantzea.<\/li><li>Bikotearen denbora-espazioak kudeatzea eta hobetzea.<\/li><li>Bikotearen harreman erotikoak hobetzea.<\/li><li>Jeloskortasuna  modu eraginkorragoan kudeatzen ikasi<\/li><li>Norberaren eta bikotearen nahiak eta itxaropenak lantzea.<\/li><li>Komunikazio-trebetasun onuragarriak eskuratzea.<\/li><li>Bikotearen banaketa maneiatzea eta esku hartzea.<\/li><\/ul>\t\t\t\t\t\t\t\t<\/div>\n\t\t\t\t<\/div>\n\t\t\t\t\t<\/div>\n\t\t<\/div>\n\t\t\t\t\t<\/div>\n\t\t<\/section>\n\t\t\t\t<section class=\"elementor-section elementor-top-section elementor-element elementor-element-36e4b4e elementor-section-boxed elementor-section-height-default elementor-section-height-default\" data-id=\"36e4b4e\" data-element_type=\"section\" data-e-type=\"section\">\n\t\t\t\t\t\t<div class=\"elementor-container elementor-column-gap-default\">\n\t\t\t\t\t<div class=\"elementor-column elementor-col-100 elementor-top-column elementor-element elementor-element-3c25780\" data-id=\"3c25780\" data-element_type=\"column\" data-e-type=\"column\">\n\t\t\t<div class=\"elementor-widget-wrap elementor-element-populated\">\n\t\t\t\t\t\t<div class=\"elementor-element elementor-element-830a24f elementor-widget elementor-widget-heading\" data-id=\"830a24f\" data-element_type=\"widget\" data-e-type=\"widget\" data-widget_type=\"heading.default\">\n\t\t\t\t<div class=\"elementor-widget-container\">\n\t\t\t\t\t<h2 class=\"elementor-heading-title elementor-size-default\">Zeintzuk dira onurak?<\/h2>\t\t\t\t<\/div>\n\t\t\t\t<\/div>\n\t\t\t\t\t<\/div>\n\t\t<\/div>\n\t\t\t\t\t<\/div>\n\t\t<\/section>\n\t\t\t\t<section class=\"elementor-section elementor-top-section elementor-element elementor-element-6141226 elementor-section-boxed elementor-section-height-default elementor-section-height-default\" data-id=\"6141226\" data-element_type=\"section\" data-e-type=\"section\">\n\t\t\t\t\t\t<div class=\"elementor-container elementor-column-gap-default\">\n\t\t\t\t\t<div class=\"elementor-column elementor-col-100 elementor-top-column elementor-element elementor-element-745823c\" data-id=\"745823c\" data-element_type=\"column\" data-e-type=\"column\">\n\t\t\t<div class=\"elementor-widget-wrap elementor-element-populated\">\n\t\t\t\t\t\t<div class=\"elementor-element elementor-element-ef5382a elementor-widget elementor-widget-text-editor\" data-id=\"ef5382a\" data-element_type=\"widget\" data-e-type=\"widget\" data-widget_type=\"text-editor.default\">\n\t\t\t\t<div class=\"elementor-widget-container\">\n\t\t\t\t\t\t\t\t\t<p><strong><span style=\"text-decoration: underline;\">Komunikazioa hobetzea;<\/span><\/strong> Komunikazio irekia eta zintzoa sustatzea, bikote-harremana sendotzeko.<\/p><p><strong><span style=\"text-decoration: underline;\">Sexualitatea ulertzea;<\/span><\/strong> Norberaren nahiz bikotekidearen sexualitatea eta beharrak ulertzea, enpatia eta intimitatea sustatuz.<\/p><p><strong><span style=\"text-decoration: underline;\">Ongizatea zure bizitzan;<\/span> <\/strong>Sexu-bizitza gogobetegarriak ongizate orokorra eta bizi-kalitate handiagoa lortzen laguntzen du.<\/p><p>Terapia ingurune seguru eta konfidentzialean egiten da. Aurrez aurre edota online egin daiteke. <strong>presencial<\/strong> y <strong>online<\/strong>.<\/p>\t\t\t\t\t\t\t\t<\/div>\n\t\t\t\t<\/div>\n\t\t\t\t\t<\/div>\n\t\t<\/div>\n\t\t\t\t\t<\/div>\n\t\t<\/section>\n\t\t\t\t<section class=\"elementor-section elementor-top-section elementor-element elementor-element-837fbb5 elementor-section-boxed elementor-section-height-default elementor-section-height-default\" data-id=\"837fbb5\" data-element_type=\"section\" data-e-type=\"section\">\n\t\t\t\t\t\t<div class=\"elementor-container elementor-column-gap-default\">\n\t\t\t\t\t<div class=\"elementor-column elementor-col-100 elementor-top-column elementor-element elementor-element-ade41b3\" data-id=\"ade41b3\" data-element_type=\"column\" data-e-type=\"column\">\n\t\t\t<div class=\"elementor-widget-wrap elementor-element-populated\">\n\t\t\t\t\t\t<div class=\"elementor-element elementor-element-32920a1 elementor-align-center elementor-widget elementor-widget-button\" data-id=\"32920a1\" data-element_type=\"widget\" data-e-type=\"widget\" data-widget_type=\"button.default\">\n\t\t\t\t<div class=\"elementor-widget-container\">\n\t\t\t\t\t\t\t\t\t<div class=\"elementor-button-wrapper\">\n\t\t\t\t\t<a class=\"elementor-button elementor-button-link elementor-size-sm\" href=\"https:\/\/avpsicologia.eus\/eus\/contacto\/\">\n\t\t\t\t\t\t<span class=\"elementor-button-content-wrapper\">\n\t\t\t\t\t\t\t\t\t<span class=\"elementor-button-text\">Pedir cita<\/span>\n\t\t\t\t\t<\/span>\n\t\t\t\t\t<\/a>\n\t\t\t\t<\/div>\n\t\t\t\t\t\t\t\t<\/div>\n\t\t\t\t<\/div>\n\t\t\t\t\t<\/div>\n\t\t<\/div>\n\t\t\t\t\t<\/div>\n\t\t<\/section>\n\t\t\t\t<\/div>","protected":false},"excerpt":{"rendered":"<p>Sexolog\u00eda La sexolog\u00eda es la clave para poder explicar y comprender la sexualidad humana en todas sus facetas. Promoviendo una visi\u00f3n positiva y saludable de la sexualidad, preguntas como \u00bfQui\u00e9n soy\/somos? \u00bfQu\u00e9 dificultades tengo\/tenemos? abordamos la sexualidad como parte fundamental de la vida. El conocerse contribuye significativamente al bienestar sexual y general. La terapia sexual [&hellip;]<\/p>\n","protected":false},"author":1,"featured_media":373,"parent":0,"menu_order":0,"comment_status":"closed","ping_status":"closed","template":"elementor_canvas","meta":{"footnotes":""},"class_list":["post-1381","page","type-page","status-publish","has-post-thumbnail","hentry"],"yoast_head":"<!-- This site is optimized with the Yoast SEO plugin v27.5 - https:\/\/yoast.com\/product\/yoast-seo-wordpress\/ -->\n<title>Sexolog\u00eda - Ana Vall\u00e9s Psic\u00f3loga y Sex\u00f3loga en Bilbao<\/title>\n<meta name=\"description\" content=\"Promover una visi\u00f3n positiva y saludable de la sexualidad como parte fundamental de la vida. Mediantes talleres y formaciones, terapia y asesoramiento.\" \/>\n<meta name=\"robots\" content=\"index, follow, max-snippet:-1, max-image-preview:large, max-video-preview:-1\" \/>\n<link rel=\"canonical\" href=\"https:\/\/avpsicologia.eus\/eus\/sexologia\/\" \/>\n<meta property=\"og:locale\" content=\"en_US\" \/>\n<meta property=\"og:type\" content=\"article\" \/>\n<meta property=\"og:title\" content=\"Sexolog\u00eda - Ana Vall\u00e9s Psic\u00f3loga y Sex\u00f3loga en Bilbao\" \/>\n<meta property=\"og:description\" content=\"Promover una visi\u00f3n positiva y saludable de la sexualidad como parte fundamental de la vida. Mediantes talleres y formaciones, terapia y asesoramiento.\" \/>\n<meta property=\"og:url\" content=\"https:\/\/avpsicologia.eus\/eus\/sexologia\/\" \/>\n<meta property=\"og:site_name\" content=\"Ana Vall\u00e9s Psic\u00f3loga y Sex\u00f3loga en Bilbao\" \/>\n<meta property=\"article:modified_time\" content=\"2024-07-11T12:46:08+00:00\" \/>\n<meta property=\"og:image\" content=\"https:\/\/avpsicologia.eus\/wp-content\/uploads\/2023\/08\/Logo-04.png\" \/>\n\t<meta property=\"og:image:width\" content=\"1840\" \/>\n\t<meta property=\"og:image:height\" content=\"422\" \/>\n\t<meta property=\"og:image:type\" content=\"image\/png\" \/>\n<meta name=\"twitter:card\" content=\"summary_large_image\" \/>\n<meta name=\"twitter:label1\" content=\"Est. reading time\" \/>\n\t<meta name=\"twitter:data1\" content=\"2 minutua\" \/>\n<script type=\"application\/ld+json\" class=\"yoast-schema-graph\">{\"@context\":\"https:\\\/\\\/schema.org\",\"@graph\":[{\"@type\":\"WebPage\",\"@id\":\"https:\\\/\\\/avpsicologia.eus\\\/sexologia\\\/\",\"url\":\"https:\\\/\\\/avpsicologia.eus\\\/sexologia\\\/\",\"name\":\"Sexolog\u00eda - Ana Vall\u00e9s Psic\u00f3loga y Sex\u00f3loga en Bilbao\",\"isPartOf\":{\"@id\":\"https:\\\/\\\/avpsicologia.eus\\\/#website\"},\"primaryImageOfPage\":{\"@id\":\"https:\\\/\\\/avpsicologia.eus\\\/sexologia\\\/#primaryimage\"},\"image\":{\"@id\":\"https:\\\/\\\/avpsicologia.eus\\\/sexologia\\\/#primaryimage\"},\"thumbnailUrl\":\"https:\\\/\\\/avpsicologia.eus\\\/wp-content\\\/uploads\\\/2023\\\/08\\\/Logo-04.png\",\"datePublished\":\"2023-09-12T12:40:41+00:00\",\"dateModified\":\"2024-07-11T12:46:08+00:00\",\"description\":\"Promover una visi\u00f3n positiva y saludable de la sexualidad como parte fundamental de la vida. Mediantes talleres y formaciones, terapia y asesoramiento.\",\"breadcrumb\":{\"@id\":\"https:\\\/\\\/avpsicologia.eus\\\/sexologia\\\/#breadcrumb\"},\"inLanguage\":\"eu\",\"potentialAction\":[{\"@type\":\"ReadAction\",\"target\":[\"https:\\\/\\\/avpsicologia.eus\\\/sexologia\\\/\"]}]},{\"@type\":\"ImageObject\",\"inLanguage\":\"eu\",\"@id\":\"https:\\\/\\\/avpsicologia.eus\\\/sexologia\\\/#primaryimage\",\"url\":\"https:\\\/\\\/avpsicologia.eus\\\/wp-content\\\/uploads\\\/2023\\\/08\\\/Logo-04.png\",\"contentUrl\":\"https:\\\/\\\/avpsicologia.eus\\\/wp-content\\\/uploads\\\/2023\\\/08\\\/Logo-04.png\",\"width\":1840,\"height\":422},{\"@type\":\"BreadcrumbList\",\"@id\":\"https:\\\/\\\/avpsicologia.eus\\\/sexologia\\\/#breadcrumb\",\"itemListElement\":[{\"@type\":\"ListItem\",\"position\":1,\"name\":\"Portada\",\"item\":\"https:\\\/\\\/avpsicologia.eus\\\/\"},{\"@type\":\"ListItem\",\"position\":2,\"name\":\"Sexolog\u00eda\"}]},{\"@type\":\"WebSite\",\"@id\":\"https:\\\/\\\/avpsicologia.eus\\\/#website\",\"url\":\"https:\\\/\\\/avpsicologia.eus\\\/\",\"name\":\"Ana Vall\u00e9s Psic\u00f3loga y Sex\u00f3loga en Bilbao\",\"description\":\"Psic\u00f3loga y Sex\u00f3loga en Bilbao\",\"potentialAction\":[{\"@type\":\"SearchAction\",\"target\":{\"@type\":\"EntryPoint\",\"urlTemplate\":\"https:\\\/\\\/avpsicologia.eus\\\/?s={search_term_string}\"},\"query-input\":{\"@type\":\"PropertyValueSpecification\",\"valueRequired\":true,\"valueName\":\"search_term_string\"}}],\"inLanguage\":\"eu\"}]}<\/script>\n<!-- \/ Yoast SEO plugin. -->","yoast_head_json":{"title":"Sexolog\u00eda - Ana Vall\u00e9s Psic\u00f3loga y Sex\u00f3loga en Bilbao","description":"Promover una visi\u00f3n positiva y saludable de la sexualidad como parte fundamental de la vida. Mediantes talleres y formaciones, terapia y asesoramiento.","robots":{"index":"index","follow":"follow","max-snippet":"max-snippet:-1","max-image-preview":"max-image-preview:large","max-video-preview":"max-video-preview:-1"},"canonical":"https:\/\/avpsicologia.eus\/eus\/sexologia\/","og_locale":"en_US","og_type":"article","og_title":"Sexolog\u00eda - Ana Vall\u00e9s Psic\u00f3loga y Sex\u00f3loga en Bilbao","og_description":"Promover una visi\u00f3n positiva y saludable de la sexualidad como parte fundamental de la vida. Mediantes talleres y formaciones, terapia y asesoramiento.","og_url":"https:\/\/avpsicologia.eus\/eus\/sexologia\/","og_site_name":"Ana Vall\u00e9s Psic\u00f3loga y Sex\u00f3loga en Bilbao","article_modified_time":"2024-07-11T12:46:08+00:00","og_image":[{"width":1840,"height":422,"url":"https:\/\/avpsicologia.eus\/wp-content\/uploads\/2023\/08\/Logo-04.png","type":"image\/png"}],"twitter_card":"summary_large_image","twitter_misc":{"Est. reading time":"2 minutua"},"schema":{"@context":"https:\/\/schema.org","@graph":[{"@type":"WebPage","@id":"https:\/\/avpsicologia.eus\/sexologia\/","url":"https:\/\/avpsicologia.eus\/sexologia\/","name":"Sexolog\u00eda - Ana Vall\u00e9s Psic\u00f3loga y Sex\u00f3loga en Bilbao","isPartOf":{"@id":"https:\/\/avpsicologia.eus\/#website"},"primaryImageOfPage":{"@id":"https:\/\/avpsicologia.eus\/sexologia\/#primaryimage"},"image":{"@id":"https:\/\/avpsicologia.eus\/sexologia\/#primaryimage"},"thumbnailUrl":"https:\/\/avpsicologia.eus\/wp-content\/uploads\/2023\/08\/Logo-04.png","datePublished":"2023-09-12T12:40:41+00:00","dateModified":"2024-07-11T12:46:08+00:00","description":"Promover una visi\u00f3n positiva y saludable de la sexualidad como parte fundamental de la vida. Mediantes talleres y formaciones, terapia y asesoramiento.","breadcrumb":{"@id":"https:\/\/avpsicologia.eus\/sexologia\/#breadcrumb"},"inLanguage":"eu","potentialAction":[{"@type":"ReadAction","target":["https:\/\/avpsicologia.eus\/sexologia\/"]}]},{"@type":"ImageObject","inLanguage":"eu","@id":"https:\/\/avpsicologia.eus\/sexologia\/#primaryimage","url":"https:\/\/avpsicologia.eus\/wp-content\/uploads\/2023\/08\/Logo-04.png","contentUrl":"https:\/\/avpsicologia.eus\/wp-content\/uploads\/2023\/08\/Logo-04.png","width":1840,"height":422},{"@type":"BreadcrumbList","@id":"https:\/\/avpsicologia.eus\/sexologia\/#breadcrumb","itemListElement":[{"@type":"ListItem","position":1,"name":"Portada","item":"https:\/\/avpsicologia.eus\/"},{"@type":"ListItem","position":2,"name":"Sexolog\u00eda"}]},{"@type":"WebSite","@id":"https:\/\/avpsicologia.eus\/#website","url":"https:\/\/avpsicologia.eus\/","name":"Ana Vall\u00e9s Psic\u00f3loga y Sex\u00f3loga en Bilbao","description":"Psic\u00f3loga y Sex\u00f3loga en Bilbao","potentialAction":[{"@type":"SearchAction","target":{"@type":"EntryPoint","urlTemplate":"https:\/\/avpsicologia.eus\/?s={search_term_string}"},"query-input":{"@type":"PropertyValueSpecification","valueRequired":true,"valueName":"search_term_string"}}],"inLanguage":"eu"}]}},"_links":{"self":[{"href":"https:\/\/avpsicologia.eus\/eus\/wp-json\/wp\/v2\/pages\/1381","targetHints":{"allow":["GET"]}}],"collection":[{"href":"https:\/\/avpsicologia.eus\/eus\/wp-json\/wp\/v2\/pages"}],"about":[{"href":"https:\/\/avpsicologia.eus\/eus\/wp-json\/wp\/v2\/types\/page"}],"author":[{"embeddable":true,"href":"https:\/\/avpsicologia.eus\/eus\/wp-json\/wp\/v2\/users\/1"}],"replies":[{"embeddable":true,"href":"https:\/\/avpsicologia.eus\/eus\/wp-json\/wp\/v2\/comments?post=1381"}],"version-history":[{"count":28,"href":"https:\/\/avpsicologia.eus\/eus\/wp-json\/wp\/v2\/pages\/1381\/revisions"}],"predecessor-version":[{"id":1796,"href":"https:\/\/avpsicologia.eus\/eus\/wp-json\/wp\/v2\/pages\/1381\/revisions\/1796"}],"wp:featuredmedia":[{"embeddable":true,"href":"https:\/\/avpsicologia.eus\/eus\/wp-json\/wp\/v2\/media\/373"}],"wp:attachment":[{"href":"https:\/\/avpsicologia.eus\/eus\/wp-json\/wp\/v2\/media?parent=1381"}],"curies":[{"name":"wp","href":"https:\/\/api.w.org\/{rel}","templated":true}]}}