{"id":28,"date":"2023-08-29T15:55:31","date_gmt":"2023-08-29T15:55:31","guid":{"rendered":"https:\/\/web4.rkinformatika.net\/avpsicologia\/?page_id=28"},"modified":"2024-07-11T12:43:12","modified_gmt":"2024-07-11T12:43:12","slug":"terapia-psicologica","status":"publish","type":"page","link":"https:\/\/avpsicologia.eus\/eus\/terapia-psicologica\/","title":{"rendered":"Terapia Psikologikoa"},"content":{"rendered":"<div data-elementor-type=\"wp-page\" data-elementor-id=\"28\" class=\"elementor elementor-28\" data-elementor-post-type=\"page\">\n\t\t\t\t\t\t<section class=\"elementor-section elementor-top-section elementor-element elementor-element-db9ad82 elementor-section-boxed elementor-section-height-default elementor-section-height-default\" data-id=\"db9ad82\" data-element_type=\"section\" data-e-type=\"section\" data-settings=\"{&quot;background_background&quot;:&quot;classic&quot;}\">\n\t\t\t\t\t\t\t<div class=\"elementor-background-overlay\"><\/div>\n\t\t\t\t\t\t\t<div class=\"elementor-container elementor-column-gap-default\">\n\t\t\t\t\t<div class=\"elementor-column elementor-col-100 elementor-top-column elementor-element elementor-element-337511f\" data-id=\"337511f\" data-element_type=\"column\" data-e-type=\"column\">\n\t\t\t<div class=\"elementor-widget-wrap\">\n\t\t\t\t\t\t\t<\/div>\n\t\t<\/div>\n\t\t\t\t\t<\/div>\n\t\t<\/section>\n\t\t\t\t<section class=\"elementor-section elementor-top-section elementor-element elementor-element-5faaac9 elementor-section-boxed elementor-section-height-default elementor-section-height-default\" data-id=\"5faaac9\" data-element_type=\"section\" data-e-type=\"section\">\n\t\t\t\t\t\t<div class=\"elementor-container elementor-column-gap-default\">\n\t\t\t\t\t<div class=\"elementor-column elementor-col-100 elementor-top-column elementor-element elementor-element-dbe480d\" data-id=\"dbe480d\" data-element_type=\"column\" data-e-type=\"column\">\n\t\t\t<div class=\"elementor-widget-wrap elementor-element-populated\">\n\t\t\t\t\t\t<div class=\"elementor-element elementor-element-d42c086 elementor-widget elementor-widget-heading\" data-id=\"d42c086\" data-element_type=\"widget\" data-e-type=\"widget\" data-widget_type=\"heading.default\">\n\t\t\t\t<div class=\"elementor-widget-container\">\n\t\t\t\t\t<h1 class=\"elementor-heading-title elementor-size-default\">Terapia Psikologikoa<\/h1>\t\t\t\t<\/div>\n\t\t\t\t<\/div>\n\t\t\t\t\t<\/div>\n\t\t<\/div>\n\t\t\t\t\t<\/div>\n\t\t<\/section>\n\t\t\t\t<section class=\"elementor-section elementor-top-section elementor-element elementor-element-97b8994 elementor-section-boxed elementor-section-height-default elementor-section-height-default\" data-id=\"97b8994\" data-element_type=\"section\" data-e-type=\"section\">\n\t\t\t\t\t\t<div class=\"elementor-container elementor-column-gap-default\">\n\t\t\t\t\t<div class=\"elementor-column elementor-col-100 elementor-top-column elementor-element elementor-element-1127c38\" data-id=\"1127c38\" data-element_type=\"column\" data-e-type=\"column\">\n\t\t\t<div class=\"elementor-widget-wrap elementor-element-populated\">\n\t\t\t\t\t\t<div class=\"elementor-element elementor-element-a7abc4e elementor-widget elementor-widget-text-editor\" data-id=\"a7abc4e\" data-element_type=\"widget\" data-e-type=\"widget\" data-widget_type=\"text-editor.default\">\n\t\t\t\t<div class=\"elementor-widget-container\">\n\t\t\t\t\t\t\t\t\t<p>Gure bizitzako uneren batean arlo ezberdinetan; pertsonala, familiarra, soziala, lan-arlokoa, zailtasunak aurkitzen ditugu<\/p>\t\t\t\t\t\t\t\t<\/div>\n\t\t\t\t<\/div>\n\t\t\t\t\t<\/div>\n\t\t<\/div>\n\t\t\t\t\t<\/div>\n\t\t<\/section>\n\t\t\t\t<section class=\"elementor-section elementor-top-section elementor-element elementor-element-9347152 elementor-section-boxed elementor-section-height-default elementor-section-height-default\" data-id=\"9347152\" data-element_type=\"section\" data-e-type=\"section\">\n\t\t\t\t\t\t<div class=\"elementor-container elementor-column-gap-default\">\n\t\t\t\t\t<div class=\"elementor-column elementor-col-100 elementor-top-column elementor-element elementor-element-53e39c4\" data-id=\"53e39c4\" data-element_type=\"column\" data-e-type=\"column\">\n\t\t\t<div class=\"elementor-widget-wrap elementor-element-populated\">\n\t\t\t\t\t\t<div class=\"elementor-element elementor-element-24d5400 elementor-widget-divider--view-line elementor-widget elementor-widget-divider\" data-id=\"24d5400\" data-element_type=\"widget\" data-e-type=\"widget\" data-widget_type=\"divider.default\">\n\t\t\t\t<div class=\"elementor-widget-container\">\n\t\t\t\t\t\t\t<div class=\"elementor-divider\">\n\t\t\t<span class=\"elementor-divider-separator\">\n\t\t\t\t\t\t<\/span>\n\t\t<\/div>\n\t\t\t\t\t\t<\/div>\n\t\t\t\t<\/div>\n\t\t\t\t\t<\/div>\n\t\t<\/div>\n\t\t\t\t\t<\/div>\n\t\t<\/section>\n\t\t\t\t<section class=\"elementor-section elementor-top-section elementor-element elementor-element-202969e elementor-section-boxed elementor-section-height-default elementor-section-height-default\" data-id=\"202969e\" data-element_type=\"section\" data-e-type=\"section\">\n\t\t\t\t\t\t<div class=\"elementor-container elementor-column-gap-default\">\n\t\t\t\t\t<div class=\"elementor-column elementor-col-33 elementor-top-column elementor-element elementor-element-f7a8c3c\" data-id=\"f7a8c3c\" data-element_type=\"column\" data-e-type=\"column\">\n\t\t\t<div class=\"elementor-widget-wrap elementor-element-populated\">\n\t\t\t\t\t\t<div class=\"elementor-element elementor-element-d26bf4f elementor-widget elementor-widget-image\" data-id=\"d26bf4f\" data-element_type=\"widget\" data-e-type=\"widget\" data-widget_type=\"image.default\">\n\t\t\t\t<div class=\"elementor-widget-container\">\n\t\t\t\t\t\t\t\t\t\t\t\t\t\t\t<img fetchpriority=\"high\" decoding=\"async\" width=\"800\" height=\"534\" src=\"https:\/\/avpsicologia.eus\/wp-content\/uploads\/2023\/09\/Gorputzadabidea-3701-1024x684.jpg\" class=\"attachment-large size-large wp-image-1829\" alt=\"\" srcset=\"https:\/\/avpsicologia.eus\/wp-content\/uploads\/2023\/09\/Gorputzadabidea-3701-1024x684.jpg 1024w, https:\/\/avpsicologia.eus\/wp-content\/uploads\/2023\/09\/Gorputzadabidea-3701-300x200.jpg 300w, https:\/\/avpsicologia.eus\/wp-content\/uploads\/2023\/09\/Gorputzadabidea-3701-768x513.jpg 768w, https:\/\/avpsicologia.eus\/wp-content\/uploads\/2023\/09\/Gorputzadabidea-3701-1536x1025.jpg 1536w, https:\/\/avpsicologia.eus\/wp-content\/uploads\/2023\/09\/Gorputzadabidea-3701-2048x1367.jpg 2048w, https:\/\/avpsicologia.eus\/wp-content\/uploads\/2023\/09\/Gorputzadabidea-3701-18x12.jpg 18w\" sizes=\"(max-width: 800px) 100vw, 800px\" \/>\t\t\t\t\t\t\t\t\t\t\t\t\t\t\t<\/div>\n\t\t\t\t<\/div>\n\t\t\t\t<div class=\"elementor-element elementor-element-6459f08 elementor-widget elementor-widget-heading\" data-id=\"6459f08\" data-element_type=\"widget\" data-e-type=\"widget\" data-widget_type=\"heading.default\">\n\t\t\t\t<div class=\"elementor-widget-container\">\n\t\t\t\t\t<h2 class=\"elementor-heading-title elementor-size-default\">Zertarako<\/h2>\t\t\t\t<\/div>\n\t\t\t\t<\/div>\n\t\t\t\t<div class=\"elementor-element elementor-element-dcdedad elementor-widget elementor-widget-text-editor\" data-id=\"dcdedad\" data-element_type=\"widget\" data-e-type=\"widget\" data-widget_type=\"text-editor.default\">\n\t\t\t\t<div class=\"elementor-widget-container\">\n\t\t\t\t\t\t\t\t\t<p>Psikoterapiaren laguntzarekin, pertsona bakoitzaren ongizatean eragin negatiboa duten faktore pertsonalak eta ingurumenekoak aurkitzeko espazio seguru bat sortu nahi da, horrela, pertsona bakoitzaren aukeretan eta potentzialtasunetan lan egin ahal izateko. Zure erritmoak errespetatuz, modu integralean lagunduko dizut. Orainalditik etorkizunera, tresnak sortuz edota eraldatuz, aurrerago zure bizitzako beste egoera batzuetan erabili ahal izateko.<\/p>\t\t\t\t\t\t\t\t<\/div>\n\t\t\t\t<\/div>\n\t\t\t\t\t<\/div>\n\t\t<\/div>\n\t\t\t\t<div class=\"elementor-column elementor-col-33 elementor-top-column elementor-element elementor-element-04c4ae7\" data-id=\"04c4ae7\" data-element_type=\"column\" data-e-type=\"column\">\n\t\t\t<div class=\"elementor-widget-wrap elementor-element-populated\">\n\t\t\t\t\t\t<div class=\"elementor-element elementor-element-07ae57f elementor-widget elementor-widget-image\" data-id=\"07ae57f\" data-element_type=\"widget\" data-e-type=\"widget\" data-widget_type=\"image.default\">\n\t\t\t\t<div class=\"elementor-widget-container\">\n\t\t\t\t\t\t\t\t\t\t\t\t\t\t\t<img decoding=\"async\" width=\"800\" height=\"534\" src=\"https:\/\/avpsicologia.eus\/wp-content\/uploads\/2023\/09\/Gorputzadabidea-3605-1024x684.jpg\" class=\"attachment-large size-large wp-image-1888\" alt=\"\" srcset=\"https:\/\/avpsicologia.eus\/wp-content\/uploads\/2023\/09\/Gorputzadabidea-3605-1024x684.jpg 1024w, https:\/\/avpsicologia.eus\/wp-content\/uploads\/2023\/09\/Gorputzadabidea-3605-300x200.jpg 300w, https:\/\/avpsicologia.eus\/wp-content\/uploads\/2023\/09\/Gorputzadabidea-3605-768x513.jpg 768w, https:\/\/avpsicologia.eus\/wp-content\/uploads\/2023\/09\/Gorputzadabidea-3605-1536x1025.jpg 1536w, https:\/\/avpsicologia.eus\/wp-content\/uploads\/2023\/09\/Gorputzadabidea-3605-2048x1367.jpg 2048w, https:\/\/avpsicologia.eus\/wp-content\/uploads\/2023\/09\/Gorputzadabidea-3605-18x12.jpg 18w\" sizes=\"(max-width: 800px) 100vw, 800px\" \/>\t\t\t\t\t\t\t\t\t\t\t\t\t\t\t<\/div>\n\t\t\t\t<\/div>\n\t\t\t\t<div class=\"elementor-element elementor-element-cd43db8 elementor-widget elementor-widget-heading\" data-id=\"cd43db8\" data-element_type=\"widget\" data-e-type=\"widget\" data-widget_type=\"heading.default\">\n\t\t\t\t<div class=\"elementor-widget-container\">\n\t\t\t\t\t<h2 class=\"elementor-heading-title elementor-size-default\">Norentzat<\/h2>\t\t\t\t<\/div>\n\t\t\t\t<\/div>\n\t\t\t\t<div class=\"elementor-element elementor-element-30b4d50 elementor-widget elementor-widget-text-editor\" data-id=\"30b4d50\" data-element_type=\"widget\" data-e-type=\"widget\" data-widget_type=\"text-editor.default\">\n\t\t\t\t<div class=\"elementor-widget-container\">\n\t\t\t\t\t\t\t\t\t<p>Hobeto sentitzeko laguntza behar duten pertsona guztiei zuzendua.\u00a0<\/p><ul><li>Banakako Terapia<\/li><li>Bikote terapia<\/li><li>Familia Terapia<\/li><\/ul>\t\t\t\t\t\t\t\t<\/div>\n\t\t\t\t<\/div>\n\t\t\t\t\t<\/div>\n\t\t<\/div>\n\t\t\t\t<div class=\"elementor-column elementor-col-33 elementor-top-column elementor-element elementor-element-44eb6f4\" data-id=\"44eb6f4\" data-element_type=\"column\" data-e-type=\"column\">\n\t\t\t<div class=\"elementor-widget-wrap elementor-element-populated\">\n\t\t\t\t\t\t<div class=\"elementor-element elementor-element-20dd7a4 elementor-widget elementor-widget-image\" data-id=\"20dd7a4\" data-element_type=\"widget\" data-e-type=\"widget\" data-widget_type=\"image.default\">\n\t\t\t\t<div class=\"elementor-widget-container\">\n\t\t\t\t\t\t\t\t\t\t\t\t\t\t\t<img decoding=\"async\" width=\"800\" height=\"534\" src=\"https:\/\/avpsicologia.eus\/wp-content\/uploads\/2023\/09\/Gorputzadabidea-3826-1024x684.jpg\" class=\"attachment-large size-large wp-image-1821\" alt=\"\" srcset=\"https:\/\/avpsicologia.eus\/wp-content\/uploads\/2023\/09\/Gorputzadabidea-3826-1024x684.jpg 1024w, https:\/\/avpsicologia.eus\/wp-content\/uploads\/2023\/09\/Gorputzadabidea-3826-300x200.jpg 300w, https:\/\/avpsicologia.eus\/wp-content\/uploads\/2023\/09\/Gorputzadabidea-3826-768x513.jpg 768w, https:\/\/avpsicologia.eus\/wp-content\/uploads\/2023\/09\/Gorputzadabidea-3826-1536x1025.jpg 1536w, https:\/\/avpsicologia.eus\/wp-content\/uploads\/2023\/09\/Gorputzadabidea-3826-2048x1367.jpg 2048w, https:\/\/avpsicologia.eus\/wp-content\/uploads\/2023\/09\/Gorputzadabidea-3826-18x12.jpg 18w\" sizes=\"(max-width: 800px) 100vw, 800px\" \/>\t\t\t\t\t\t\t\t\t\t\t\t\t\t\t<\/div>\n\t\t\t\t<\/div>\n\t\t\t\t<div class=\"elementor-element elementor-element-4dbed85 elementor-widget elementor-widget-heading\" data-id=\"4dbed85\" data-element_type=\"widget\" data-e-type=\"widget\" data-widget_type=\"heading.default\">\n\t\t\t\t<div class=\"elementor-widget-container\">\n\t\t\t\t\t<h2 class=\"elementor-heading-title elementor-size-default\">Lantzeko gaiak<\/h2>\t\t\t\t<\/div>\n\t\t\t\t<\/div>\n\t\t\t\t<div class=\"elementor-element elementor-element-00f21ad elementor-widget elementor-widget-text-editor\" data-id=\"00f21ad\" data-element_type=\"widget\" data-e-type=\"widget\" data-widget_type=\"text-editor.default\">\n\t\t\t\t<div class=\"elementor-widget-container\">\n\t\t\t\t\t\t\t\t\t<ul><li>Emozioen kudeaketa<\/li><li>Antsietatea, estresa, fobiak eta maniak<\/li><li>Autoestima eta autoezagutza<\/li><li>Laneko arazoak<\/li><li>Depresioa<\/li><li>Erabakiak hartzeko zailtasuna<\/li><li>Dolu prozesuak<\/li><li>Pertsonen arteko harreman-arazoak<\/li><\/ul>\t\t\t\t\t\t\t\t<\/div>\n\t\t\t\t<\/div>\n\t\t\t\t\t<\/div>\n\t\t<\/div>\n\t\t\t\t\t<\/div>\n\t\t<\/section>\n\t\t\t\t<section class=\"elementor-section elementor-top-section elementor-element elementor-element-2a6995d elementor-section-boxed elementor-section-height-default elementor-section-height-default\" data-id=\"2a6995d\" data-element_type=\"section\" data-e-type=\"section\">\n\t\t\t\t\t\t<div class=\"elementor-container elementor-column-gap-default\">\n\t\t\t\t\t<div class=\"elementor-column elementor-col-100 elementor-top-column elementor-element elementor-element-70ea7d3\" data-id=\"70ea7d3\" data-element_type=\"column\" data-e-type=\"column\">\n\t\t\t<div class=\"elementor-widget-wrap elementor-element-populated\">\n\t\t\t\t\t\t<div class=\"elementor-element elementor-element-118f0c3 elementor-align-center elementor-widget elementor-widget-button\" data-id=\"118f0c3\" data-element_type=\"widget\" data-e-type=\"widget\" data-widget_type=\"button.default\">\n\t\t\t\t<div class=\"elementor-widget-container\">\n\t\t\t\t\t\t\t\t\t<div class=\"elementor-button-wrapper\">\n\t\t\t\t\t<a class=\"elementor-button elementor-button-link elementor-size-md\" href=\"https:\/\/avpsicologia.eus\/eus\/contacto\/\">\n\t\t\t\t\t\t<span class=\"elementor-button-content-wrapper\">\n\t\t\t\t\t\t\t\t\t<span class=\"elementor-button-text\">Hitzordua eskatu<\/span>\n\t\t\t\t\t<\/span>\n\t\t\t\t\t<\/a>\n\t\t\t\t<\/div>\n\t\t\t\t\t\t\t\t<\/div>\n\t\t\t\t<\/div>\n\t\t\t\t\t<\/div>\n\t\t<\/div>\n\t\t\t\t\t<\/div>\n\t\t<\/section>\n\t\t\t\t<\/div>","protected":false},"excerpt":{"rendered":"<p>Terapia Psicol\u00f3gica En alg\u00fan momento de nuestra vida encontramos dificultades en diferentes \u00e1mbitos; personal, familiar, social, laboral&#8230; Para qu\u00e9 Con la ayuda de la psicoterapia se pretende crear un espacio seguro donde poder descubrir factores personales y ambientales que interfieren negativamente en el bienestar de cada persona as\u00ed poder trabajar en las posibilidades y potencialidades [&hellip;]<\/p>\n","protected":false},"author":1,"featured_media":373,"parent":0,"menu_order":0,"comment_status":"closed","ping_status":"closed","template":"elementor_canvas","meta":{"footnotes":""},"class_list":["post-28","page","type-page","status-publish","has-post-thumbnail","hentry"],"yoast_head":"<!-- This site is optimized with the Yoast SEO plugin v27.3 - https:\/\/yoast.com\/product\/yoast-seo-wordpress\/ -->\n<title>Terapia Psicol\u00f3gica - Ana Vall\u00e9s Psic\u00f3loga y Sex\u00f3loga en Bilbao<\/title>\n<meta name=\"description\" content=\"Terapias para abordar trastornos del estado del \u00e1nimo; depresi\u00f3n, ansiedad, gesti\u00f3n emocional, habilidades sociales... tanto individual y en pareja.\" \/>\n<meta name=\"robots\" content=\"index, follow, max-snippet:-1, max-image-preview:large, max-video-preview:-1\" \/>\n<link rel=\"canonical\" href=\"https:\/\/avpsicologia.eus\/eus\/terapia-psicologica\/\" \/>\n<meta property=\"og:locale\" content=\"en_US\" \/>\n<meta property=\"og:type\" content=\"article\" \/>\n<meta property=\"og:title\" content=\"Terapia Psicol\u00f3gica - Ana Vall\u00e9s Psic\u00f3loga y Sex\u00f3loga en Bilbao\" \/>\n<meta property=\"og:description\" content=\"Terapias para abordar trastornos del estado del \u00e1nimo; depresi\u00f3n, ansiedad, gesti\u00f3n emocional, habilidades sociales... tanto individual y en pareja.\" \/>\n<meta property=\"og:url\" content=\"https:\/\/avpsicologia.eus\/eus\/terapia-psicologica\/\" \/>\n<meta property=\"og:site_name\" content=\"Ana Vall\u00e9s Psic\u00f3loga y Sex\u00f3loga en Bilbao\" \/>\n<meta property=\"article:modified_time\" content=\"2024-07-11T12:43:12+00:00\" \/>\n<meta property=\"og:image\" content=\"https:\/\/avpsicologia.eus\/wp-content\/uploads\/2023\/08\/Logo-04.png\" \/>\n\t<meta property=\"og:image:width\" content=\"1840\" \/>\n\t<meta property=\"og:image:height\" content=\"422\" \/>\n\t<meta property=\"og:image:type\" content=\"image\/png\" \/>\n<meta name=\"twitter:card\" content=\"summary_large_image\" \/>\n<meta name=\"twitter:label1\" content=\"Est. reading time\" \/>\n\t<meta name=\"twitter:data1\" content=\"2 minutua\" \/>\n<script type=\"application\/ld+json\" class=\"yoast-schema-graph\">{\"@context\":\"https:\\\/\\\/schema.org\",\"@graph\":[{\"@type\":\"WebPage\",\"@id\":\"https:\\\/\\\/avpsicologia.eus\\\/terapia-psicologica\\\/\",\"url\":\"https:\\\/\\\/avpsicologia.eus\\\/terapia-psicologica\\\/\",\"name\":\"Terapia Psicol\u00f3gica - Ana Vall\u00e9s Psic\u00f3loga y Sex\u00f3loga en Bilbao\",\"isPartOf\":{\"@id\":\"https:\\\/\\\/avpsicologia.eus\\\/#website\"},\"primaryImageOfPage\":{\"@id\":\"https:\\\/\\\/avpsicologia.eus\\\/terapia-psicologica\\\/#primaryimage\"},\"image\":{\"@id\":\"https:\\\/\\\/avpsicologia.eus\\\/terapia-psicologica\\\/#primaryimage\"},\"thumbnailUrl\":\"https:\\\/\\\/avpsicologia.eus\\\/wp-content\\\/uploads\\\/2023\\\/08\\\/Logo-04.png\",\"datePublished\":\"2023-08-29T15:55:31+00:00\",\"dateModified\":\"2024-07-11T12:43:12+00:00\",\"description\":\"Terapias para abordar trastornos del estado del \u00e1nimo; depresi\u00f3n, ansiedad, gesti\u00f3n emocional, habilidades sociales... tanto individual y en pareja.\",\"breadcrumb\":{\"@id\":\"https:\\\/\\\/avpsicologia.eus\\\/terapia-psicologica\\\/#breadcrumb\"},\"inLanguage\":\"eu\",\"potentialAction\":[{\"@type\":\"ReadAction\",\"target\":[\"https:\\\/\\\/avpsicologia.eus\\\/terapia-psicologica\\\/\"]}]},{\"@type\":\"ImageObject\",\"inLanguage\":\"eu\",\"@id\":\"https:\\\/\\\/avpsicologia.eus\\\/terapia-psicologica\\\/#primaryimage\",\"url\":\"https:\\\/\\\/avpsicologia.eus\\\/wp-content\\\/uploads\\\/2023\\\/08\\\/Logo-04.png\",\"contentUrl\":\"https:\\\/\\\/avpsicologia.eus\\\/wp-content\\\/uploads\\\/2023\\\/08\\\/Logo-04.png\",\"width\":1840,\"height\":422},{\"@type\":\"BreadcrumbList\",\"@id\":\"https:\\\/\\\/avpsicologia.eus\\\/terapia-psicologica\\\/#breadcrumb\",\"itemListElement\":[{\"@type\":\"ListItem\",\"position\":1,\"name\":\"Portada\",\"item\":\"https:\\\/\\\/avpsicologia.eus\\\/\"},{\"@type\":\"ListItem\",\"position\":2,\"name\":\"Terapia Psicol\u00f3gica\"}]},{\"@type\":\"WebSite\",\"@id\":\"https:\\\/\\\/avpsicologia.eus\\\/#website\",\"url\":\"https:\\\/\\\/avpsicologia.eus\\\/\",\"name\":\"Ana Vall\u00e9s Psic\u00f3loga y Sex\u00f3loga en Bilbao\",\"description\":\"Psic\u00f3loga y Sex\u00f3loga en Bilbao\",\"potentialAction\":[{\"@type\":\"SearchAction\",\"target\":{\"@type\":\"EntryPoint\",\"urlTemplate\":\"https:\\\/\\\/avpsicologia.eus\\\/?s={search_term_string}\"},\"query-input\":{\"@type\":\"PropertyValueSpecification\",\"valueRequired\":true,\"valueName\":\"search_term_string\"}}],\"inLanguage\":\"eu\"}]}<\/script>\n<!-- \/ Yoast SEO plugin. -->","yoast_head_json":{"title":"Terapia Psicol\u00f3gica - Ana Vall\u00e9s Psic\u00f3loga y Sex\u00f3loga en Bilbao","description":"Terapias para abordar trastornos del estado del \u00e1nimo; depresi\u00f3n, ansiedad, gesti\u00f3n emocional, habilidades sociales... tanto individual y en pareja.","robots":{"index":"index","follow":"follow","max-snippet":"max-snippet:-1","max-image-preview":"max-image-preview:large","max-video-preview":"max-video-preview:-1"},"canonical":"https:\/\/avpsicologia.eus\/eus\/terapia-psicologica\/","og_locale":"en_US","og_type":"article","og_title":"Terapia Psicol\u00f3gica - Ana Vall\u00e9s Psic\u00f3loga y Sex\u00f3loga en Bilbao","og_description":"Terapias para abordar trastornos del estado del \u00e1nimo; depresi\u00f3n, ansiedad, gesti\u00f3n emocional, habilidades sociales... tanto individual y en pareja.","og_url":"https:\/\/avpsicologia.eus\/eus\/terapia-psicologica\/","og_site_name":"Ana Vall\u00e9s Psic\u00f3loga y Sex\u00f3loga en Bilbao","article_modified_time":"2024-07-11T12:43:12+00:00","og_image":[{"width":1840,"height":422,"url":"https:\/\/avpsicologia.eus\/wp-content\/uploads\/2023\/08\/Logo-04.png","type":"image\/png"}],"twitter_card":"summary_large_image","twitter_misc":{"Est. reading time":"2 minutua"},"schema":{"@context":"https:\/\/schema.org","@graph":[{"@type":"WebPage","@id":"https:\/\/avpsicologia.eus\/terapia-psicologica\/","url":"https:\/\/avpsicologia.eus\/terapia-psicologica\/","name":"Terapia Psicol\u00f3gica - Ana Vall\u00e9s Psic\u00f3loga y Sex\u00f3loga en Bilbao","isPartOf":{"@id":"https:\/\/avpsicologia.eus\/#website"},"primaryImageOfPage":{"@id":"https:\/\/avpsicologia.eus\/terapia-psicologica\/#primaryimage"},"image":{"@id":"https:\/\/avpsicologia.eus\/terapia-psicologica\/#primaryimage"},"thumbnailUrl":"https:\/\/avpsicologia.eus\/wp-content\/uploads\/2023\/08\/Logo-04.png","datePublished":"2023-08-29T15:55:31+00:00","dateModified":"2024-07-11T12:43:12+00:00","description":"Terapias para abordar trastornos del estado del \u00e1nimo; depresi\u00f3n, ansiedad, gesti\u00f3n emocional, habilidades sociales... tanto individual y en pareja.","breadcrumb":{"@id":"https:\/\/avpsicologia.eus\/terapia-psicologica\/#breadcrumb"},"inLanguage":"eu","potentialAction":[{"@type":"ReadAction","target":["https:\/\/avpsicologia.eus\/terapia-psicologica\/"]}]},{"@type":"ImageObject","inLanguage":"eu","@id":"https:\/\/avpsicologia.eus\/terapia-psicologica\/#primaryimage","url":"https:\/\/avpsicologia.eus\/wp-content\/uploads\/2023\/08\/Logo-04.png","contentUrl":"https:\/\/avpsicologia.eus\/wp-content\/uploads\/2023\/08\/Logo-04.png","width":1840,"height":422},{"@type":"BreadcrumbList","@id":"https:\/\/avpsicologia.eus\/terapia-psicologica\/#breadcrumb","itemListElement":[{"@type":"ListItem","position":1,"name":"Portada","item":"https:\/\/avpsicologia.eus\/"},{"@type":"ListItem","position":2,"name":"Terapia Psicol\u00f3gica"}]},{"@type":"WebSite","@id":"https:\/\/avpsicologia.eus\/#website","url":"https:\/\/avpsicologia.eus\/","name":"Ana Vall\u00e9s Psic\u00f3loga y Sex\u00f3loga en Bilbao","description":"Psic\u00f3loga y Sex\u00f3loga en Bilbao","potentialAction":[{"@type":"SearchAction","target":{"@type":"EntryPoint","urlTemplate":"https:\/\/avpsicologia.eus\/?s={search_term_string}"},"query-input":{"@type":"PropertyValueSpecification","valueRequired":true,"valueName":"search_term_string"}}],"inLanguage":"eu"}]}},"_links":{"self":[{"href":"https:\/\/avpsicologia.eus\/eus\/wp-json\/wp\/v2\/pages\/28","targetHints":{"allow":["GET"]}}],"collection":[{"href":"https:\/\/avpsicologia.eus\/eus\/wp-json\/wp\/v2\/pages"}],"about":[{"href":"https:\/\/avpsicologia.eus\/eus\/wp-json\/wp\/v2\/types\/page"}],"author":[{"embeddable":true,"href":"https:\/\/avpsicologia.eus\/eus\/wp-json\/wp\/v2\/users\/1"}],"replies":[{"embeddable":true,"href":"https:\/\/avpsicologia.eus\/eus\/wp-json\/wp\/v2\/comments?post=28"}],"version-history":[{"count":121,"href":"https:\/\/avpsicologia.eus\/eus\/wp-json\/wp\/v2\/pages\/28\/revisions"}],"predecessor-version":[{"id":1990,"href":"https:\/\/avpsicologia.eus\/eus\/wp-json\/wp\/v2\/pages\/28\/revisions\/1990"}],"wp:featuredmedia":[{"embeddable":true,"href":"https:\/\/avpsicologia.eus\/eus\/wp-json\/wp\/v2\/media\/373"}],"wp:attachment":[{"href":"https:\/\/avpsicologia.eus\/eus\/wp-json\/wp\/v2\/media?parent=28"}],"curies":[{"name":"wp","href":"https:\/\/api.w.org\/{rel}","templated":true}]}}