{"id":639,"date":"2023-09-01T07:29:16","date_gmt":"2023-09-01T07:29:16","guid":{"rendered":"https:\/\/web4.rkinformatika.net\/avpsicologia\/?page_id=639"},"modified":"2024-06-19T11:48:49","modified_gmt":"2024-06-19T11:48:49","slug":"terapia-sexologica","status":"publish","type":"page","link":"https:\/\/avpsicologia.eus\/eus\/terapia-sexologica\/","title":{"rendered":"Terapia Sexologikoa"},"content":{"rendered":"<div data-elementor-type=\"wp-page\" data-elementor-id=\"639\" class=\"elementor elementor-639\" data-elementor-post-type=\"page\">\n\t\t\t\t\t\t<section class=\"elementor-section elementor-top-section elementor-element elementor-element-db9ad82 elementor-section-boxed elementor-section-height-default elementor-section-height-default\" data-id=\"db9ad82\" data-element_type=\"section\" data-e-type=\"section\" data-settings=\"{&quot;background_background&quot;:&quot;classic&quot;}\">\n\t\t\t\t\t\t\t<div class=\"elementor-background-overlay\"><\/div>\n\t\t\t\t\t\t\t<div class=\"elementor-container elementor-column-gap-default\">\n\t\t\t\t\t<div class=\"elementor-column elementor-col-100 elementor-top-column elementor-element elementor-element-337511f\" data-id=\"337511f\" data-element_type=\"column\" data-e-type=\"column\">\n\t\t\t<div class=\"elementor-widget-wrap\">\n\t\t\t\t\t\t\t<\/div>\n\t\t<\/div>\n\t\t\t\t\t<\/div>\n\t\t<\/section>\n\t\t\t\t<section class=\"elementor-section elementor-top-section elementor-element elementor-element-5faaac9 elementor-section-boxed elementor-section-height-default elementor-section-height-default\" data-id=\"5faaac9\" data-element_type=\"section\" data-e-type=\"section\">\n\t\t\t\t\t\t<div class=\"elementor-container elementor-column-gap-default\">\n\t\t\t\t\t<div class=\"elementor-column elementor-col-100 elementor-top-column elementor-element elementor-element-dbe480d\" data-id=\"dbe480d\" data-element_type=\"column\" data-e-type=\"column\">\n\t\t\t<div class=\"elementor-widget-wrap elementor-element-populated\">\n\t\t\t\t\t\t<div class=\"elementor-element elementor-element-d42c086 elementor-widget elementor-widget-heading\" data-id=\"d42c086\" data-element_type=\"widget\" data-e-type=\"widget\" data-widget_type=\"heading.default\">\n\t\t\t\t<div class=\"elementor-widget-container\">\n\t\t\t\t\t<h1 class=\"elementor-heading-title elementor-size-default\">Terapia Sexologikoa<\/h1>\t\t\t\t<\/div>\n\t\t\t\t<\/div>\n\t\t\t\t\t<\/div>\n\t\t<\/div>\n\t\t\t\t\t<\/div>\n\t\t<\/section>\n\t\t\t\t<section class=\"elementor-section elementor-top-section elementor-element elementor-element-97b8994 elementor-section-boxed elementor-section-height-default elementor-section-height-default\" data-id=\"97b8994\" data-element_type=\"section\" data-e-type=\"section\">\n\t\t\t\t\t\t<div class=\"elementor-container elementor-column-gap-default\">\n\t\t\t\t\t<div class=\"elementor-column elementor-col-100 elementor-top-column elementor-element elementor-element-1127c38\" data-id=\"1127c38\" data-element_type=\"column\" data-e-type=\"column\">\n\t\t\t<div class=\"elementor-widget-wrap elementor-element-populated\">\n\t\t\t\t\t\t<div class=\"elementor-element elementor-element-a7abc4e elementor-widget elementor-widget-text-editor\" data-id=\"a7abc4e\" data-element_type=\"widget\" data-e-type=\"widget\" data-widget_type=\"text-editor.default\">\n\t\t\t\t<div class=\"elementor-widget-container\">\n\t\t\t\t\t\t\t\t\t<p>Pertsona eta bikote guztiek eraikitzeko, onartzeko eta adierazteko modu desberdinak eta konplexuak dituzte, beraz, harremantzeko ere.<\/p>\t\t\t\t\t\t\t\t<\/div>\n\t\t\t\t<\/div>\n\t\t\t\t\t<\/div>\n\t\t<\/div>\n\t\t\t\t\t<\/div>\n\t\t<\/section>\n\t\t\t\t<section class=\"elementor-section elementor-top-section elementor-element elementor-element-9347152 elementor-section-boxed elementor-section-height-default elementor-section-height-default\" data-id=\"9347152\" data-element_type=\"section\" data-e-type=\"section\">\n\t\t\t\t\t\t<div class=\"elementor-container elementor-column-gap-default\">\n\t\t\t\t\t<div class=\"elementor-column elementor-col-100 elementor-top-column elementor-element elementor-element-53e39c4\" data-id=\"53e39c4\" data-element_type=\"column\" data-e-type=\"column\">\n\t\t\t<div class=\"elementor-widget-wrap elementor-element-populated\">\n\t\t\t\t\t\t<div class=\"elementor-element elementor-element-24d5400 elementor-widget-divider--view-line elementor-widget elementor-widget-divider\" data-id=\"24d5400\" data-element_type=\"widget\" data-e-type=\"widget\" data-widget_type=\"divider.default\">\n\t\t\t\t<div class=\"elementor-widget-container\">\n\t\t\t\t\t\t\t<div class=\"elementor-divider\">\n\t\t\t<span class=\"elementor-divider-separator\">\n\t\t\t\t\t\t<\/span>\n\t\t<\/div>\n\t\t\t\t\t\t<\/div>\n\t\t\t\t<\/div>\n\t\t\t\t\t<\/div>\n\t\t<\/div>\n\t\t\t\t\t<\/div>\n\t\t<\/section>\n\t\t\t\t<section class=\"elementor-section elementor-top-section elementor-element elementor-element-202969e elementor-section-boxed elementor-section-height-default elementor-section-height-default\" data-id=\"202969e\" data-element_type=\"section\" data-e-type=\"section\">\n\t\t\t\t\t\t<div class=\"elementor-container elementor-column-gap-default\">\n\t\t\t\t\t<div class=\"elementor-column elementor-col-33 elementor-top-column elementor-element elementor-element-92782a7\" data-id=\"92782a7\" data-element_type=\"column\" data-e-type=\"column\">\n\t\t\t<div class=\"elementor-widget-wrap elementor-element-populated\">\n\t\t\t\t\t\t<div class=\"elementor-element elementor-element-5e7f40d elementor-widget elementor-widget-image\" data-id=\"5e7f40d\" data-element_type=\"widget\" data-e-type=\"widget\" data-widget_type=\"image.default\">\n\t\t\t\t<div class=\"elementor-widget-container\">\n\t\t\t\t\t\t\t\t\t\t\t\t\t\t\t<img fetchpriority=\"high\" decoding=\"async\" width=\"800\" height=\"534\" src=\"https:\/\/avpsicologia.eus\/wp-content\/uploads\/2023\/09\/Gorputzadabidea-3660-1024x684.jpg\" class=\"attachment-large size-large wp-image-1825\" alt=\"\" srcset=\"https:\/\/avpsicologia.eus\/wp-content\/uploads\/2023\/09\/Gorputzadabidea-3660-1024x684.jpg 1024w, https:\/\/avpsicologia.eus\/wp-content\/uploads\/2023\/09\/Gorputzadabidea-3660-300x200.jpg 300w, https:\/\/avpsicologia.eus\/wp-content\/uploads\/2023\/09\/Gorputzadabidea-3660-768x513.jpg 768w, https:\/\/avpsicologia.eus\/wp-content\/uploads\/2023\/09\/Gorputzadabidea-3660-1536x1025.jpg 1536w, https:\/\/avpsicologia.eus\/wp-content\/uploads\/2023\/09\/Gorputzadabidea-3660-2048x1367.jpg 2048w, https:\/\/avpsicologia.eus\/wp-content\/uploads\/2023\/09\/Gorputzadabidea-3660-18x12.jpg 18w\" sizes=\"(max-width: 800px) 100vw, 800px\" \/>\t\t\t\t\t\t\t\t\t\t\t\t\t\t\t<\/div>\n\t\t\t\t<\/div>\n\t\t\t\t<div class=\"elementor-element elementor-element-daf17d9 elementor-widget elementor-widget-heading\" data-id=\"daf17d9\" data-element_type=\"widget\" data-e-type=\"widget\" data-widget_type=\"heading.default\">\n\t\t\t\t<div class=\"elementor-widget-container\">\n\t\t\t\t\t<h2 class=\"elementor-heading-title elementor-size-default\">Zertarako<\/h2>\t\t\t\t<\/div>\n\t\t\t\t<\/div>\n\t\t\t\t<div class=\"elementor-element elementor-element-65531f1 elementor-widget elementor-widget-text-editor\" data-id=\"65531f1\" data-element_type=\"widget\" data-e-type=\"widget\" data-widget_type=\"text-editor.default\">\n\t\t\t\t<div class=\"elementor-widget-container\">\n\t\t\t\t\t\t\t\t\t<p>Norberaren edota bikotearen baliabideak nahikoak ez direnean, bakoitzaren bizitza osasuntsu eta onuragarri bizitzeko, eremu pertsonalean, harreman-eremuan edo erotikoan, sexu-terapiak hobetzen lagunduko  dizu\/dizute.<\/p>\t\t\t\t\t\t\t\t<\/div>\n\t\t\t\t<\/div>\n\t\t\t\t\t<\/div>\n\t\t<\/div>\n\t\t\t\t<div class=\"elementor-column elementor-col-33 elementor-top-column elementor-element elementor-element-f7a8c3c\" data-id=\"f7a8c3c\" data-element_type=\"column\" data-e-type=\"column\">\n\t\t\t<div class=\"elementor-widget-wrap elementor-element-populated\">\n\t\t\t\t\t\t<div class=\"elementor-element elementor-element-d26bf4f elementor-widget elementor-widget-image\" data-id=\"d26bf4f\" data-element_type=\"widget\" data-e-type=\"widget\" data-widget_type=\"image.default\">\n\t\t\t\t<div class=\"elementor-widget-container\">\n\t\t\t\t\t\t\t\t\t\t\t\t\t\t\t<img decoding=\"async\" width=\"800\" height=\"534\" src=\"https:\/\/avpsicologia.eus\/wp-content\/uploads\/2023\/09\/Gorputzadabidea-3869-1024x684.jpg\" class=\"attachment-large size-large wp-image-1869\" alt=\"\" srcset=\"https:\/\/avpsicologia.eus\/wp-content\/uploads\/2023\/09\/Gorputzadabidea-3869-1024x684.jpg 1024w, https:\/\/avpsicologia.eus\/wp-content\/uploads\/2023\/09\/Gorputzadabidea-3869-300x200.jpg 300w, https:\/\/avpsicologia.eus\/wp-content\/uploads\/2023\/09\/Gorputzadabidea-3869-768x513.jpg 768w, https:\/\/avpsicologia.eus\/wp-content\/uploads\/2023\/09\/Gorputzadabidea-3869-1536x1025.jpg 1536w, https:\/\/avpsicologia.eus\/wp-content\/uploads\/2023\/09\/Gorputzadabidea-3869-2048x1367.jpg 2048w, https:\/\/avpsicologia.eus\/wp-content\/uploads\/2023\/09\/Gorputzadabidea-3869-18x12.jpg 18w\" sizes=\"(max-width: 800px) 100vw, 800px\" \/>\t\t\t\t\t\t\t\t\t\t\t\t\t\t\t<\/div>\n\t\t\t\t<\/div>\n\t\t\t\t<div class=\"elementor-element elementor-element-6459f08 elementor-widget elementor-widget-heading\" data-id=\"6459f08\" data-element_type=\"widget\" data-e-type=\"widget\" data-widget_type=\"heading.default\">\n\t\t\t\t<div class=\"elementor-widget-container\">\n\t\t\t\t\t<h2 class=\"elementor-heading-title elementor-size-default\">Norentzat<\/h2>\t\t\t\t<\/div>\n\t\t\t\t<\/div>\n\t\t\t\t<div class=\"elementor-element elementor-element-dcdedad elementor-widget elementor-widget-text-editor\" data-id=\"dcdedad\" data-element_type=\"widget\" data-e-type=\"widget\" data-widget_type=\"text-editor.default\">\n\t\t\t\t<div class=\"elementor-widget-container\">\n\t\t\t\t\t\t\t\t\t<p><span style=\"letter-spacing: 0.2px;\">Hobeto sentitzeko laguntza behar duten pertsona guztiei zuzendua.<\/span><\/p>\n<ul>\n<li>Banakako Terapia<\/li>\n<li>Bikote Terapia<\/li>\n<\/ul>\t\t\t\t\t\t\t\t<\/div>\n\t\t\t\t<\/div>\n\t\t\t\t\t<\/div>\n\t\t<\/div>\n\t\t\t\t<div class=\"elementor-column elementor-col-33 elementor-top-column elementor-element elementor-element-44eb6f4\" data-id=\"44eb6f4\" data-element_type=\"column\" data-e-type=\"column\">\n\t\t\t<div class=\"elementor-widget-wrap elementor-element-populated\">\n\t\t\t\t\t\t<div class=\"elementor-element elementor-element-20dd7a4 elementor-widget elementor-widget-image\" data-id=\"20dd7a4\" data-element_type=\"widget\" data-e-type=\"widget\" data-widget_type=\"image.default\">\n\t\t\t\t<div class=\"elementor-widget-container\">\n\t\t\t\t\t\t\t\t\t\t\t\t\t\t\t<img decoding=\"async\" width=\"800\" height=\"534\" src=\"https:\/\/avpsicologia.eus\/wp-content\/uploads\/2023\/09\/Gorputzadabidea-3512-1024x684.jpg\" class=\"attachment-large size-large wp-image-1886\" alt=\"\" srcset=\"https:\/\/avpsicologia.eus\/wp-content\/uploads\/2023\/09\/Gorputzadabidea-3512-1024x684.jpg 1024w, https:\/\/avpsicologia.eus\/wp-content\/uploads\/2023\/09\/Gorputzadabidea-3512-300x200.jpg 300w, https:\/\/avpsicologia.eus\/wp-content\/uploads\/2023\/09\/Gorputzadabidea-3512-768x513.jpg 768w, https:\/\/avpsicologia.eus\/wp-content\/uploads\/2023\/09\/Gorputzadabidea-3512-1536x1025.jpg 1536w, https:\/\/avpsicologia.eus\/wp-content\/uploads\/2023\/09\/Gorputzadabidea-3512-2048x1367.jpg 2048w, https:\/\/avpsicologia.eus\/wp-content\/uploads\/2023\/09\/Gorputzadabidea-3512-18x12.jpg 18w\" sizes=\"(max-width: 800px) 100vw, 800px\" \/>\t\t\t\t\t\t\t\t\t\t\t\t\t\t\t<\/div>\n\t\t\t\t<\/div>\n\t\t\t\t<div class=\"elementor-element elementor-element-4dbed85 elementor-widget elementor-widget-heading\" data-id=\"4dbed85\" data-element_type=\"widget\" data-e-type=\"widget\" data-widget_type=\"heading.default\">\n\t\t\t\t<div class=\"elementor-widget-container\">\n\t\t\t\t\t<h2 class=\"elementor-heading-title elementor-size-default\">Lantzeko gaiak<\/h2>\t\t\t\t<\/div>\n\t\t\t\t<\/div>\n\t\t\t\t<div class=\"elementor-element elementor-element-00f21ad elementor-widget elementor-widget-text-editor\" data-id=\"00f21ad\" data-element_type=\"widget\" data-e-type=\"widget\" data-widget_type=\"text-editor.default\">\n\t\t\t\t<div class=\"elementor-widget-container\">\n\t\t\t\t\t\t\t\t\t<ul><li>Sexu-identitatea<\/li><li>Autoestima erotikoa eta autoiruda<\/li><li>Desiraren sexu-orientazioa<\/li><li>Autoerotika\u00a0<\/li><li>Plazerak eta Kitzikadura<\/li><li>Sexu-disfuntzioak<\/li><li>Jeloskortasuna<\/li><li>Komunikazio asertiboa<\/li><li>Bikote-banaketa<\/li><\/ul>\t\t\t\t\t\t\t\t<\/div>\n\t\t\t\t<\/div>\n\t\t\t\t\t<\/div>\n\t\t<\/div>\n\t\t\t\t\t<\/div>\n\t\t<\/section>\n\t\t\t\t<section class=\"elementor-section elementor-top-section elementor-element elementor-element-d353aed elementor-section-boxed elementor-section-height-default elementor-section-height-default\" data-id=\"d353aed\" data-element_type=\"section\" data-e-type=\"section\">\n\t\t\t\t\t\t<div class=\"elementor-container elementor-column-gap-default\">\n\t\t\t\t\t<div class=\"elementor-column elementor-col-100 elementor-top-column elementor-element elementor-element-400c1af\" data-id=\"400c1af\" data-element_type=\"column\" data-e-type=\"column\">\n\t\t\t<div class=\"elementor-widget-wrap elementor-element-populated\">\n\t\t\t\t\t\t<div class=\"elementor-element elementor-element-9e91069 elementor-align-center elementor-widget elementor-widget-button\" data-id=\"9e91069\" data-element_type=\"widget\" data-e-type=\"widget\" data-widget_type=\"button.default\">\n\t\t\t\t<div class=\"elementor-widget-container\">\n\t\t\t\t\t\t\t\t\t<div class=\"elementor-button-wrapper\">\n\t\t\t\t\t<a class=\"elementor-button elementor-button-link elementor-size-md\" href=\"https:\/\/avpsicologia.eus\/eus\/contacto\/\">\n\t\t\t\t\t\t<span class=\"elementor-button-content-wrapper\">\n\t\t\t\t\t\t\t\t\t<span class=\"elementor-button-text\">Hitzordua eskatu<\/span>\n\t\t\t\t\t<\/span>\n\t\t\t\t\t<\/a>\n\t\t\t\t<\/div>\n\t\t\t\t\t\t\t\t<\/div>\n\t\t\t\t<\/div>\n\t\t\t\t\t<\/div>\n\t\t<\/div>\n\t\t\t\t\t<\/div>\n\t\t<\/section>\n\t\t\t\t<\/div>","protected":false},"excerpt":{"rendered":"<p>Terapia Sexol\u00f3gica Toda persona y pareja tiene diferentes y complejas maneras de construirse, de aceptarse y de expresarse, por tanto, de relacionarse. Para qu\u00e9 Cuando los recursos individuales y de la pareja son insuficientes para vivir la vida de cada uno de forma sana y beneficiosa, la terapia sexual te \/ os ayudar\u00e1 en el [&hellip;]<\/p>\n","protected":false},"author":1,"featured_media":373,"parent":0,"menu_order":0,"comment_status":"closed","ping_status":"closed","template":"elementor_canvas","meta":{"footnotes":""},"class_list":["post-639","page","type-page","status-publish","has-post-thumbnail","hentry"],"yoast_head":"<!-- This site is optimized with the Yoast SEO plugin v27.3 - https:\/\/yoast.com\/product\/yoast-seo-wordpress\/ -->\n<title>Terapia Sexol\u00f3gica - Ana Vall\u00e9s Psic\u00f3loga y Sex\u00f3loga en Bilbao<\/title>\n<meta name=\"description\" content=\"Terapias enfocadas tanto a la resoluci\u00f3n de conflictos en pareja (comunicaci\u00f3n asertiva, celos, separaci\u00f3n), como terapias individuales.\" \/>\n<meta name=\"robots\" content=\"index, follow, max-snippet:-1, max-image-preview:large, max-video-preview:-1\" \/>\n<link rel=\"canonical\" href=\"https:\/\/avpsicologia.eus\/eus\/terapia-sexologica\/\" \/>\n<meta property=\"og:locale\" content=\"en_US\" \/>\n<meta property=\"og:type\" content=\"article\" \/>\n<meta property=\"og:title\" content=\"Terapia Sexol\u00f3gica - Ana Vall\u00e9s Psic\u00f3loga y Sex\u00f3loga en Bilbao\" \/>\n<meta property=\"og:description\" content=\"Terapias enfocadas tanto a la resoluci\u00f3n de conflictos en pareja (comunicaci\u00f3n asertiva, celos, separaci\u00f3n), como terapias individuales.\" \/>\n<meta property=\"og:url\" content=\"https:\/\/avpsicologia.eus\/eus\/terapia-sexologica\/\" \/>\n<meta property=\"og:site_name\" content=\"Ana Vall\u00e9s Psic\u00f3loga y Sex\u00f3loga en Bilbao\" \/>\n<meta property=\"article:modified_time\" content=\"2024-06-19T11:48:49+00:00\" \/>\n<meta property=\"og:image\" content=\"https:\/\/avpsicologia.eus\/wp-content\/uploads\/2023\/08\/Logo-04.png\" \/>\n\t<meta property=\"og:image:width\" content=\"1840\" \/>\n\t<meta property=\"og:image:height\" content=\"422\" \/>\n\t<meta property=\"og:image:type\" content=\"image\/png\" \/>\n<meta name=\"twitter:card\" content=\"summary_large_image\" \/>\n<meta name=\"twitter:label1\" content=\"Est. reading time\" \/>\n\t<meta name=\"twitter:data1\" content=\"2 minutua\" \/>\n<script type=\"application\/ld+json\" class=\"yoast-schema-graph\">{\"@context\":\"https:\\\/\\\/schema.org\",\"@graph\":[{\"@type\":\"WebPage\",\"@id\":\"https:\\\/\\\/avpsicologia.eus\\\/terapia-sexologica\\\/\",\"url\":\"https:\\\/\\\/avpsicologia.eus\\\/terapia-sexologica\\\/\",\"name\":\"Terapia Sexol\u00f3gica - Ana Vall\u00e9s Psic\u00f3loga y Sex\u00f3loga en Bilbao\",\"isPartOf\":{\"@id\":\"https:\\\/\\\/avpsicologia.eus\\\/#website\"},\"primaryImageOfPage\":{\"@id\":\"https:\\\/\\\/avpsicologia.eus\\\/terapia-sexologica\\\/#primaryimage\"},\"image\":{\"@id\":\"https:\\\/\\\/avpsicologia.eus\\\/terapia-sexologica\\\/#primaryimage\"},\"thumbnailUrl\":\"https:\\\/\\\/avpsicologia.eus\\\/wp-content\\\/uploads\\\/2023\\\/08\\\/Logo-04.png\",\"datePublished\":\"2023-09-01T07:29:16+00:00\",\"dateModified\":\"2024-06-19T11:48:49+00:00\",\"description\":\"Terapias enfocadas tanto a la resoluci\u00f3n de conflictos en pareja (comunicaci\u00f3n asertiva, celos, separaci\u00f3n), como terapias individuales.\",\"breadcrumb\":{\"@id\":\"https:\\\/\\\/avpsicologia.eus\\\/terapia-sexologica\\\/#breadcrumb\"},\"inLanguage\":\"eu\",\"potentialAction\":[{\"@type\":\"ReadAction\",\"target\":[\"https:\\\/\\\/avpsicologia.eus\\\/terapia-sexologica\\\/\"]}]},{\"@type\":\"ImageObject\",\"inLanguage\":\"eu\",\"@id\":\"https:\\\/\\\/avpsicologia.eus\\\/terapia-sexologica\\\/#primaryimage\",\"url\":\"https:\\\/\\\/avpsicologia.eus\\\/wp-content\\\/uploads\\\/2023\\\/08\\\/Logo-04.png\",\"contentUrl\":\"https:\\\/\\\/avpsicologia.eus\\\/wp-content\\\/uploads\\\/2023\\\/08\\\/Logo-04.png\",\"width\":1840,\"height\":422},{\"@type\":\"BreadcrumbList\",\"@id\":\"https:\\\/\\\/avpsicologia.eus\\\/terapia-sexologica\\\/#breadcrumb\",\"itemListElement\":[{\"@type\":\"ListItem\",\"position\":1,\"name\":\"Portada\",\"item\":\"https:\\\/\\\/avpsicologia.eus\\\/\"},{\"@type\":\"ListItem\",\"position\":2,\"name\":\"Terapia Sexol\u00f3gica\"}]},{\"@type\":\"WebSite\",\"@id\":\"https:\\\/\\\/avpsicologia.eus\\\/#website\",\"url\":\"https:\\\/\\\/avpsicologia.eus\\\/\",\"name\":\"Ana Vall\u00e9s Psic\u00f3loga y Sex\u00f3loga en Bilbao\",\"description\":\"Psic\u00f3loga y Sex\u00f3loga en Bilbao\",\"potentialAction\":[{\"@type\":\"SearchAction\",\"target\":{\"@type\":\"EntryPoint\",\"urlTemplate\":\"https:\\\/\\\/avpsicologia.eus\\\/?s={search_term_string}\"},\"query-input\":{\"@type\":\"PropertyValueSpecification\",\"valueRequired\":true,\"valueName\":\"search_term_string\"}}],\"inLanguage\":\"eu\"}]}<\/script>\n<!-- \/ Yoast SEO plugin. -->","yoast_head_json":{"title":"Terapia Sexol\u00f3gica - Ana Vall\u00e9s Psic\u00f3loga y Sex\u00f3loga en Bilbao","description":"Terapias enfocadas tanto a la resoluci\u00f3n de conflictos en pareja (comunicaci\u00f3n asertiva, celos, separaci\u00f3n), como terapias individuales.","robots":{"index":"index","follow":"follow","max-snippet":"max-snippet:-1","max-image-preview":"max-image-preview:large","max-video-preview":"max-video-preview:-1"},"canonical":"https:\/\/avpsicologia.eus\/eus\/terapia-sexologica\/","og_locale":"en_US","og_type":"article","og_title":"Terapia Sexol\u00f3gica - Ana Vall\u00e9s Psic\u00f3loga y Sex\u00f3loga en Bilbao","og_description":"Terapias enfocadas tanto a la resoluci\u00f3n de conflictos en pareja (comunicaci\u00f3n asertiva, celos, separaci\u00f3n), como terapias individuales.","og_url":"https:\/\/avpsicologia.eus\/eus\/terapia-sexologica\/","og_site_name":"Ana Vall\u00e9s Psic\u00f3loga y Sex\u00f3loga en Bilbao","article_modified_time":"2024-06-19T11:48:49+00:00","og_image":[{"width":1840,"height":422,"url":"https:\/\/avpsicologia.eus\/wp-content\/uploads\/2023\/08\/Logo-04.png","type":"image\/png"}],"twitter_card":"summary_large_image","twitter_misc":{"Est. reading time":"2 minutua"},"schema":{"@context":"https:\/\/schema.org","@graph":[{"@type":"WebPage","@id":"https:\/\/avpsicologia.eus\/terapia-sexologica\/","url":"https:\/\/avpsicologia.eus\/terapia-sexologica\/","name":"Terapia Sexol\u00f3gica - Ana Vall\u00e9s Psic\u00f3loga y Sex\u00f3loga en Bilbao","isPartOf":{"@id":"https:\/\/avpsicologia.eus\/#website"},"primaryImageOfPage":{"@id":"https:\/\/avpsicologia.eus\/terapia-sexologica\/#primaryimage"},"image":{"@id":"https:\/\/avpsicologia.eus\/terapia-sexologica\/#primaryimage"},"thumbnailUrl":"https:\/\/avpsicologia.eus\/wp-content\/uploads\/2023\/08\/Logo-04.png","datePublished":"2023-09-01T07:29:16+00:00","dateModified":"2024-06-19T11:48:49+00:00","description":"Terapias enfocadas tanto a la resoluci\u00f3n de conflictos en pareja (comunicaci\u00f3n asertiva, celos, separaci\u00f3n), como terapias individuales.","breadcrumb":{"@id":"https:\/\/avpsicologia.eus\/terapia-sexologica\/#breadcrumb"},"inLanguage":"eu","potentialAction":[{"@type":"ReadAction","target":["https:\/\/avpsicologia.eus\/terapia-sexologica\/"]}]},{"@type":"ImageObject","inLanguage":"eu","@id":"https:\/\/avpsicologia.eus\/terapia-sexologica\/#primaryimage","url":"https:\/\/avpsicologia.eus\/wp-content\/uploads\/2023\/08\/Logo-04.png","contentUrl":"https:\/\/avpsicologia.eus\/wp-content\/uploads\/2023\/08\/Logo-04.png","width":1840,"height":422},{"@type":"BreadcrumbList","@id":"https:\/\/avpsicologia.eus\/terapia-sexologica\/#breadcrumb","itemListElement":[{"@type":"ListItem","position":1,"name":"Portada","item":"https:\/\/avpsicologia.eus\/"},{"@type":"ListItem","position":2,"name":"Terapia Sexol\u00f3gica"}]},{"@type":"WebSite","@id":"https:\/\/avpsicologia.eus\/#website","url":"https:\/\/avpsicologia.eus\/","name":"Ana Vall\u00e9s Psic\u00f3loga y Sex\u00f3loga en Bilbao","description":"Psic\u00f3loga y Sex\u00f3loga en Bilbao","potentialAction":[{"@type":"SearchAction","target":{"@type":"EntryPoint","urlTemplate":"https:\/\/avpsicologia.eus\/?s={search_term_string}"},"query-input":{"@type":"PropertyValueSpecification","valueRequired":true,"valueName":"search_term_string"}}],"inLanguage":"eu"}]}},"_links":{"self":[{"href":"https:\/\/avpsicologia.eus\/eus\/wp-json\/wp\/v2\/pages\/639","targetHints":{"allow":["GET"]}}],"collection":[{"href":"https:\/\/avpsicologia.eus\/eus\/wp-json\/wp\/v2\/pages"}],"about":[{"href":"https:\/\/avpsicologia.eus\/eus\/wp-json\/wp\/v2\/types\/page"}],"author":[{"embeddable":true,"href":"https:\/\/avpsicologia.eus\/eus\/wp-json\/wp\/v2\/users\/1"}],"replies":[{"embeddable":true,"href":"https:\/\/avpsicologia.eus\/eus\/wp-json\/wp\/v2\/comments?post=639"}],"version-history":[{"count":66,"href":"https:\/\/avpsicologia.eus\/eus\/wp-json\/wp\/v2\/pages\/639\/revisions"}],"predecessor-version":[{"id":1993,"href":"https:\/\/avpsicologia.eus\/eus\/wp-json\/wp\/v2\/pages\/639\/revisions\/1993"}],"wp:featuredmedia":[{"embeddable":true,"href":"https:\/\/avpsicologia.eus\/eus\/wp-json\/wp\/v2\/media\/373"}],"wp:attachment":[{"href":"https:\/\/avpsicologia.eus\/eus\/wp-json\/wp\/v2\/media?parent=639"}],"curies":[{"name":"wp","href":"https:\/\/api.w.org\/{rel}","templated":true}]}}