{"id":678,"date":"2023-09-01T07:55:00","date_gmt":"2023-09-01T07:55:00","guid":{"rendered":"https:\/\/web4.rkinformatika.net\/avpsicologia\/?page_id=678"},"modified":"2024-06-19T11:36:28","modified_gmt":"2024-06-19T11:36:28","slug":"formacion","status":"publish","type":"page","link":"https:\/\/avpsicologia.eus\/eus\/formacion\/","title":{"rendered":"Formakuntza"},"content":{"rendered":"<div data-elementor-type=\"wp-page\" data-elementor-id=\"678\" class=\"elementor elementor-678\" data-elementor-post-type=\"page\">\n\t\t\t\t\t\t<section class=\"elementor-section elementor-top-section elementor-element elementor-element-db9ad82 elementor-section-boxed elementor-section-height-default elementor-section-height-default\" data-id=\"db9ad82\" data-element_type=\"section\" data-e-type=\"section\" data-settings=\"{&quot;background_background&quot;:&quot;classic&quot;}\">\n\t\t\t\t\t\t\t<div class=\"elementor-background-overlay\"><\/div>\n\t\t\t\t\t\t\t<div class=\"elementor-container elementor-column-gap-default\">\n\t\t\t\t\t<div class=\"elementor-column elementor-col-100 elementor-top-column elementor-element elementor-element-337511f\" data-id=\"337511f\" data-element_type=\"column\" data-e-type=\"column\">\n\t\t\t<div class=\"elementor-widget-wrap\">\n\t\t\t\t\t\t\t<\/div>\n\t\t<\/div>\n\t\t\t\t\t<\/div>\n\t\t<\/section>\n\t\t\t\t<section class=\"elementor-section elementor-top-section elementor-element elementor-element-5faaac9 elementor-section-boxed elementor-section-height-default elementor-section-height-default\" data-id=\"5faaac9\" data-element_type=\"section\" data-e-type=\"section\">\n\t\t\t\t\t\t<div class=\"elementor-container elementor-column-gap-default\">\n\t\t\t\t\t<div class=\"elementor-column elementor-col-100 elementor-top-column elementor-element elementor-element-dbe480d\" data-id=\"dbe480d\" data-element_type=\"column\" data-e-type=\"column\">\n\t\t\t<div class=\"elementor-widget-wrap elementor-element-populated\">\n\t\t\t\t\t\t<div class=\"elementor-element elementor-element-d42c086 elementor-widget elementor-widget-heading\" data-id=\"d42c086\" data-element_type=\"widget\" data-e-type=\"widget\" data-widget_type=\"heading.default\">\n\t\t\t\t<div class=\"elementor-widget-container\">\n\t\t\t\t\t<h1 class=\"elementor-heading-title elementor-size-default\">Formakuntza<\/h1>\t\t\t\t<\/div>\n\t\t\t\t<\/div>\n\t\t\t\t\t<\/div>\n\t\t<\/div>\n\t\t\t\t\t<\/div>\n\t\t<\/section>\n\t\t\t\t<section class=\"elementor-section elementor-top-section elementor-element elementor-element-97b8994 elementor-section-boxed elementor-section-height-default elementor-section-height-default\" data-id=\"97b8994\" data-element_type=\"section\" data-e-type=\"section\">\n\t\t\t\t\t\t<div class=\"elementor-container elementor-column-gap-default\">\n\t\t\t\t\t<div class=\"elementor-column elementor-col-100 elementor-top-column elementor-element elementor-element-1127c38\" data-id=\"1127c38\" data-element_type=\"column\" data-e-type=\"column\">\n\t\t\t<div class=\"elementor-widget-wrap elementor-element-populated\">\n\t\t\t\t\t\t<div class=\"elementor-element elementor-element-a7abc4e elementor-widget elementor-widget-text-editor\" data-id=\"a7abc4e\" data-element_type=\"widget\" data-e-type=\"widget\" data-widget_type=\"text-editor.default\">\n\t\t\t\t<div class=\"elementor-widget-container\">\n\t\t\t\t\t\t\t\t\t<p class=\"translation-block\">Nire lan-etaparen zati handi batean, hainbat ikastetxerekin, udalerrirekin, elkarterekin, erakunderekin lankidetzan aritu naiz, ezagutza eta zentzu kolektiboa sustatuz. Horregatik, 2021ean, Itziar Perez Alkorta eta Eider Zuriarrain Bergararekin batera, Gorputza Da Bidea elkartea sortu genuen, espazio seguruak sortzen eta eraikitzen jarraitzeko, ezagutza indibiduala eta kolektiboa ikasi eta sustatzeko.<\/p>\t\t\t\t\t\t\t\t<\/div>\n\t\t\t\t<\/div>\n\t\t\t\t\t<\/div>\n\t\t<\/div>\n\t\t\t\t\t<\/div>\n\t\t<\/section>\n\t\t\t\t<section class=\"elementor-section elementor-top-section elementor-element elementor-element-9347152 elementor-section-boxed elementor-section-height-default elementor-section-height-default\" data-id=\"9347152\" data-element_type=\"section\" data-e-type=\"section\">\n\t\t\t\t\t\t<div class=\"elementor-container elementor-column-gap-default\">\n\t\t\t\t\t<div class=\"elementor-column elementor-col-100 elementor-top-column elementor-element elementor-element-53e39c4\" data-id=\"53e39c4\" data-element_type=\"column\" data-e-type=\"column\">\n\t\t\t<div class=\"elementor-widget-wrap elementor-element-populated\">\n\t\t\t\t\t\t<div class=\"elementor-element elementor-element-24d5400 elementor-widget-divider--view-line elementor-widget elementor-widget-divider\" data-id=\"24d5400\" data-element_type=\"widget\" data-e-type=\"widget\" data-widget_type=\"divider.default\">\n\t\t\t\t<div class=\"elementor-widget-container\">\n\t\t\t\t\t\t\t<div class=\"elementor-divider\">\n\t\t\t<span class=\"elementor-divider-separator\">\n\t\t\t\t\t\t<\/span>\n\t\t<\/div>\n\t\t\t\t\t\t<\/div>\n\t\t\t\t<\/div>\n\t\t\t\t\t<\/div>\n\t\t<\/div>\n\t\t\t\t\t<\/div>\n\t\t<\/section>\n\t\t\t\t<section class=\"elementor-section elementor-top-section elementor-element elementor-element-4c012fd elementor-section-boxed elementor-section-height-default elementor-section-height-default\" data-id=\"4c012fd\" data-element_type=\"section\" data-e-type=\"section\">\n\t\t\t\t\t\t<div class=\"elementor-container elementor-column-gap-default\">\n\t\t\t\t\t<div class=\"elementor-column elementor-col-33 elementor-top-column elementor-element elementor-element-ba02e21\" data-id=\"ba02e21\" data-element_type=\"column\" data-e-type=\"column\">\n\t\t\t<div class=\"elementor-widget-wrap elementor-element-populated\">\n\t\t\t\t\t\t<div class=\"elementor-element elementor-element-48ebba2 elementor-widget elementor-widget-image\" data-id=\"48ebba2\" data-element_type=\"widget\" data-e-type=\"widget\" data-widget_type=\"image.default\">\n\t\t\t\t<div class=\"elementor-widget-container\">\n\t\t\t\t\t\t\t\t\t\t\t\t\t\t\t<img fetchpriority=\"high\" decoding=\"async\" width=\"800\" height=\"534\" src=\"https:\/\/avpsicologia.eus\/wp-content\/uploads\/2023\/09\/Gorputzadabidea-4344-1024x684.jpg\" class=\"attachment-large size-large wp-image-1885\" alt=\"\" srcset=\"https:\/\/avpsicologia.eus\/wp-content\/uploads\/2023\/09\/Gorputzadabidea-4344-1024x684.jpg 1024w, https:\/\/avpsicologia.eus\/wp-content\/uploads\/2023\/09\/Gorputzadabidea-4344-300x200.jpg 300w, https:\/\/avpsicologia.eus\/wp-content\/uploads\/2023\/09\/Gorputzadabidea-4344-768x513.jpg 768w, https:\/\/avpsicologia.eus\/wp-content\/uploads\/2023\/09\/Gorputzadabidea-4344-1536x1025.jpg 1536w, https:\/\/avpsicologia.eus\/wp-content\/uploads\/2023\/09\/Gorputzadabidea-4344-2048x1367.jpg 2048w, https:\/\/avpsicologia.eus\/wp-content\/uploads\/2023\/09\/Gorputzadabidea-4344-18x12.jpg 18w\" sizes=\"(max-width: 800px) 100vw, 800px\" \/>\t\t\t\t\t\t\t\t\t\t\t\t\t\t\t<\/div>\n\t\t\t\t<\/div>\n\t\t\t\t<div class=\"elementor-element elementor-element-615d152 elementor-widget elementor-widget-heading\" data-id=\"615d152\" data-element_type=\"widget\" data-e-type=\"widget\" data-widget_type=\"heading.default\">\n\t\t\t\t<div class=\"elementor-widget-container\">\n\t\t\t\t\t<h2 class=\"elementor-heading-title elementor-size-default\">Norentzat <\/h2>\t\t\t\t<\/div>\n\t\t\t\t<\/div>\n\t\t\t\t<div class=\"elementor-element elementor-element-9d6f756 elementor-widget elementor-widget-text-editor\" data-id=\"9d6f756\" data-element_type=\"widget\" data-e-type=\"widget\" data-widget_type=\"text-editor.default\">\n\t\t\t\t<div class=\"elementor-widget-container\">\n\t\t\t\t\t\t\t\t\t<ul><li>Hezkuntza-, osasun- eta gizarte-arloko profesionalak<\/li><li>Elkarte eta kolektiboak<\/li><li>Ikastetxeak<\/li><li>Udal zerbitzuak<\/li><\/ul>\t\t\t\t\t\t\t\t<\/div>\n\t\t\t\t<\/div>\n\t\t\t\t\t<\/div>\n\t\t<\/div>\n\t\t\t\t<div class=\"elementor-column elementor-col-33 elementor-top-column elementor-element elementor-element-f597a29\" data-id=\"f597a29\" data-element_type=\"column\" data-e-type=\"column\">\n\t\t\t<div class=\"elementor-widget-wrap\">\n\t\t\t\t\t\t\t<\/div>\n\t\t<\/div>\n\t\t\t\t<div class=\"elementor-column elementor-col-33 elementor-top-column elementor-element elementor-element-0537e97\" data-id=\"0537e97\" data-element_type=\"column\" data-e-type=\"column\">\n\t\t\t<div class=\"elementor-widget-wrap elementor-element-populated\">\n\t\t\t\t\t\t<div class=\"elementor-element elementor-element-7bb4f94 elementor-widget elementor-widget-image\" data-id=\"7bb4f94\" data-element_type=\"widget\" data-e-type=\"widget\" data-widget_type=\"image.default\">\n\t\t\t\t<div class=\"elementor-widget-container\">\n\t\t\t\t\t\t\t\t\t\t\t\t\t\t\t<img decoding=\"async\" width=\"800\" height=\"534\" src=\"https:\/\/avpsicologia.eus\/wp-content\/uploads\/2023\/09\/Gorputzadabidea-4335-1024x684.jpg\" class=\"attachment-large size-large wp-image-1884\" alt=\"\" srcset=\"https:\/\/avpsicologia.eus\/wp-content\/uploads\/2023\/09\/Gorputzadabidea-4335-1024x684.jpg 1024w, https:\/\/avpsicologia.eus\/wp-content\/uploads\/2023\/09\/Gorputzadabidea-4335-300x200.jpg 300w, https:\/\/avpsicologia.eus\/wp-content\/uploads\/2023\/09\/Gorputzadabidea-4335-768x513.jpg 768w, https:\/\/avpsicologia.eus\/wp-content\/uploads\/2023\/09\/Gorputzadabidea-4335-1536x1025.jpg 1536w, https:\/\/avpsicologia.eus\/wp-content\/uploads\/2023\/09\/Gorputzadabidea-4335-2048x1367.jpg 2048w, https:\/\/avpsicologia.eus\/wp-content\/uploads\/2023\/09\/Gorputzadabidea-4335-18x12.jpg 18w\" sizes=\"(max-width: 800px) 100vw, 800px\" \/>\t\t\t\t\t\t\t\t\t\t\t\t\t\t\t<\/div>\n\t\t\t\t<\/div>\n\t\t\t\t<div class=\"elementor-element elementor-element-98bbadc elementor-widget elementor-widget-heading\" data-id=\"98bbadc\" data-element_type=\"widget\" data-e-type=\"widget\" data-widget_type=\"heading.default\">\n\t\t\t\t<div class=\"elementor-widget-container\">\n\t\t\t\t\t<h2 class=\"elementor-heading-title elementor-size-default\">Proiektuak<\/h2>\t\t\t\t<\/div>\n\t\t\t\t<\/div>\n\t\t\t\t<div class=\"elementor-element elementor-element-1e6ddbf elementor-widget elementor-widget-text-editor\" data-id=\"1e6ddbf\" data-element_type=\"widget\" data-e-type=\"widget\" data-widget_type=\"text-editor.default\">\n\t\t\t\t<div class=\"elementor-widget-container\">\n\t\t\t\t\t\t\t\t\t<ul>\n<li><span style=\"background-color: transparent; letter-spacing: 0.2px;\">Menopausiatik plenopausiaraino<\/span><\/li>\n<li>Klimaterioaren begirada eraldatzen<\/li>\n<li>Sexuen hezkuntza<\/li>\n<li>Aniztasunaren koloreak (sexualitatea eta aniztasun funtzionala)<\/li>\n<li>Irakasleentzat emoziotegia<\/li>\n<li>Zure hileroko zikloa ezagutu<\/li>\n<li>Barru-barrutik - kanpora. Gorputz zaintza<\/li>\n<\/ul>\t\t\t\t\t\t\t\t<\/div>\n\t\t\t\t<\/div>\n\t\t\t\t\t<\/div>\n\t\t<\/div>\n\t\t\t\t\t<\/div>\n\t\t<\/section>\n\t\t\t\t<section class=\"elementor-section elementor-top-section elementor-element elementor-element-238dd1a elementor-section-boxed elementor-section-height-default elementor-section-height-default\" data-id=\"238dd1a\" data-element_type=\"section\" data-e-type=\"section\">\n\t\t\t\t\t\t<div class=\"elementor-container elementor-column-gap-default\">\n\t\t\t\t\t<div class=\"elementor-column elementor-col-100 elementor-top-column elementor-element elementor-element-88330ae\" data-id=\"88330ae\" data-element_type=\"column\" data-e-type=\"column\">\n\t\t\t<div class=\"elementor-widget-wrap elementor-element-populated\">\n\t\t\t\t\t\t<div class=\"elementor-element elementor-element-469acb2 elementor-align-center elementor-widget elementor-widget-button\" data-id=\"469acb2\" data-element_type=\"widget\" data-e-type=\"widget\" data-widget_type=\"button.default\">\n\t\t\t\t<div class=\"elementor-widget-container\">\n\t\t\t\t\t\t\t\t\t<div class=\"elementor-button-wrapper\">\n\t\t\t\t\t<a class=\"elementor-button elementor-button-link elementor-size-md\" href=\"https:\/\/avpsicologia.eus\/eus\/contacto\/\">\n\t\t\t\t\t\t<span class=\"elementor-button-content-wrapper\">\n\t\t\t\t\t\t\t\t\t<span class=\"elementor-button-text\">Informazio gehiago nahi dut<\/span>\n\t\t\t\t\t<\/span>\n\t\t\t\t\t<\/a>\n\t\t\t\t<\/div>\n\t\t\t\t\t\t\t\t<\/div>\n\t\t\t\t<\/div>\n\t\t\t\t\t<\/div>\n\t\t<\/div>\n\t\t\t\t\t<\/div>\n\t\t<\/section>\n\t\t\t\t<\/div>","protected":false},"excerpt":{"rendered":"<p>Formaci\u00f3n Durante gran parte de mi etapa laboral, he colaborado con distintos centros educativos, municipios, asociaciones, diversas entidades,\u00a0 fomentando el conocimiento y sentido colectivo. Por ello, en el a\u00f1o 2021 junto a dos compa\u00f1eras de vida, Itziar Perez Alkorta y Eider Zuriarrain Bergara, creamos la asociaci\u00f3n Gorputza Da Bidea, para seguir creando y construyendo espacios [&hellip;]<\/p>\n","protected":false},"author":1,"featured_media":373,"parent":0,"menu_order":0,"comment_status":"closed","ping_status":"closed","template":"elementor_canvas","meta":{"footnotes":""},"class_list":["post-678","page","type-page","status-publish","has-post-thumbnail","hentry"],"yoast_head":"<!-- This site is optimized with the Yoast SEO plugin v27.3 - https:\/\/yoast.com\/product\/yoast-seo-wordpress\/ -->\n<title>Formaci\u00f3n en Sexualidad - Ana Vall\u00e9s Psic\u00f3loga y Sex\u00f3loga en Bilbao<\/title>\n<meta name=\"description\" content=\"Impartimos talleres sobre el climaterio, menopausia, menarquia, ciclo menstrual, educaci\u00f3n de los sexos, sexualidad y diversidad funcional.\" \/>\n<meta name=\"robots\" content=\"index, follow, max-snippet:-1, max-image-preview:large, max-video-preview:-1\" \/>\n<link rel=\"canonical\" href=\"https:\/\/avpsicologia.eus\/eus\/formacion\/\" \/>\n<meta property=\"og:locale\" content=\"en_US\" \/>\n<meta property=\"og:type\" content=\"article\" \/>\n<meta property=\"og:title\" content=\"Formaci\u00f3n en Sexualidad - Ana Vall\u00e9s Psic\u00f3loga y Sex\u00f3loga en Bilbao\" \/>\n<meta property=\"og:description\" content=\"Impartimos talleres sobre el climaterio, menopausia, menarquia, ciclo menstrual, educaci\u00f3n de los sexos, sexualidad y diversidad funcional.\" \/>\n<meta property=\"og:url\" content=\"https:\/\/avpsicologia.eus\/eus\/formacion\/\" \/>\n<meta property=\"og:site_name\" content=\"Ana Vall\u00e9s Psic\u00f3loga y Sex\u00f3loga en Bilbao\" \/>\n<meta property=\"article:modified_time\" content=\"2024-06-19T11:36:28+00:00\" \/>\n<meta property=\"og:image\" content=\"https:\/\/avpsicologia.eus\/wp-content\/uploads\/2023\/08\/Logo-04.png\" \/>\n\t<meta property=\"og:image:width\" content=\"1840\" \/>\n\t<meta property=\"og:image:height\" content=\"422\" \/>\n\t<meta property=\"og:image:type\" content=\"image\/png\" \/>\n<meta name=\"twitter:card\" content=\"summary_large_image\" \/>\n<meta name=\"twitter:label1\" content=\"Est. reading time\" \/>\n\t<meta name=\"twitter:data1\" content=\"2 minutua\" \/>\n<script type=\"application\/ld+json\" class=\"yoast-schema-graph\">{\"@context\":\"https:\\\/\\\/schema.org\",\"@graph\":[{\"@type\":\"WebPage\",\"@id\":\"https:\\\/\\\/avpsicologia.eus\\\/formacion\\\/\",\"url\":\"https:\\\/\\\/avpsicologia.eus\\\/formacion\\\/\",\"name\":\"Formaci\u00f3n en Sexualidad - Ana Vall\u00e9s Psic\u00f3loga y Sex\u00f3loga en Bilbao\",\"isPartOf\":{\"@id\":\"https:\\\/\\\/avpsicologia.eus\\\/#website\"},\"primaryImageOfPage\":{\"@id\":\"https:\\\/\\\/avpsicologia.eus\\\/formacion\\\/#primaryimage\"},\"image\":{\"@id\":\"https:\\\/\\\/avpsicologia.eus\\\/formacion\\\/#primaryimage\"},\"thumbnailUrl\":\"https:\\\/\\\/avpsicologia.eus\\\/wp-content\\\/uploads\\\/2023\\\/08\\\/Logo-04.png\",\"datePublished\":\"2023-09-01T07:55:00+00:00\",\"dateModified\":\"2024-06-19T11:36:28+00:00\",\"description\":\"Impartimos talleres sobre el climaterio, menopausia, menarquia, ciclo menstrual, educaci\u00f3n de los sexos, sexualidad y diversidad funcional.\",\"breadcrumb\":{\"@id\":\"https:\\\/\\\/avpsicologia.eus\\\/formacion\\\/#breadcrumb\"},\"inLanguage\":\"eu\",\"potentialAction\":[{\"@type\":\"ReadAction\",\"target\":[\"https:\\\/\\\/avpsicologia.eus\\\/formacion\\\/\"]}]},{\"@type\":\"ImageObject\",\"inLanguage\":\"eu\",\"@id\":\"https:\\\/\\\/avpsicologia.eus\\\/formacion\\\/#primaryimage\",\"url\":\"https:\\\/\\\/avpsicologia.eus\\\/wp-content\\\/uploads\\\/2023\\\/08\\\/Logo-04.png\",\"contentUrl\":\"https:\\\/\\\/avpsicologia.eus\\\/wp-content\\\/uploads\\\/2023\\\/08\\\/Logo-04.png\",\"width\":1840,\"height\":422},{\"@type\":\"BreadcrumbList\",\"@id\":\"https:\\\/\\\/avpsicologia.eus\\\/formacion\\\/#breadcrumb\",\"itemListElement\":[{\"@type\":\"ListItem\",\"position\":1,\"name\":\"Portada\",\"item\":\"https:\\\/\\\/avpsicologia.eus\\\/\"},{\"@type\":\"ListItem\",\"position\":2,\"name\":\"Formaci\u00f3n\"}]},{\"@type\":\"WebSite\",\"@id\":\"https:\\\/\\\/avpsicologia.eus\\\/#website\",\"url\":\"https:\\\/\\\/avpsicologia.eus\\\/\",\"name\":\"Ana Vall\u00e9s Psic\u00f3loga y Sex\u00f3loga en Bilbao\",\"description\":\"Psic\u00f3loga y Sex\u00f3loga en Bilbao\",\"potentialAction\":[{\"@type\":\"SearchAction\",\"target\":{\"@type\":\"EntryPoint\",\"urlTemplate\":\"https:\\\/\\\/avpsicologia.eus\\\/?s={search_term_string}\"},\"query-input\":{\"@type\":\"PropertyValueSpecification\",\"valueRequired\":true,\"valueName\":\"search_term_string\"}}],\"inLanguage\":\"eu\"}]}<\/script>\n<!-- \/ Yoast SEO plugin. -->","yoast_head_json":{"title":"Formaci\u00f3n en Sexualidad - Ana Vall\u00e9s Psic\u00f3loga y Sex\u00f3loga en Bilbao","description":"Impartimos talleres sobre el climaterio, menopausia, menarquia, ciclo menstrual, educaci\u00f3n de los sexos, sexualidad y diversidad funcional.","robots":{"index":"index","follow":"follow","max-snippet":"max-snippet:-1","max-image-preview":"max-image-preview:large","max-video-preview":"max-video-preview:-1"},"canonical":"https:\/\/avpsicologia.eus\/eus\/formacion\/","og_locale":"en_US","og_type":"article","og_title":"Formaci\u00f3n en Sexualidad - Ana Vall\u00e9s Psic\u00f3loga y Sex\u00f3loga en Bilbao","og_description":"Impartimos talleres sobre el climaterio, menopausia, menarquia, ciclo menstrual, educaci\u00f3n de los sexos, sexualidad y diversidad funcional.","og_url":"https:\/\/avpsicologia.eus\/eus\/formacion\/","og_site_name":"Ana Vall\u00e9s Psic\u00f3loga y Sex\u00f3loga en Bilbao","article_modified_time":"2024-06-19T11:36:28+00:00","og_image":[{"width":1840,"height":422,"url":"https:\/\/avpsicologia.eus\/wp-content\/uploads\/2023\/08\/Logo-04.png","type":"image\/png"}],"twitter_card":"summary_large_image","twitter_misc":{"Est. reading time":"2 minutua"},"schema":{"@context":"https:\/\/schema.org","@graph":[{"@type":"WebPage","@id":"https:\/\/avpsicologia.eus\/formacion\/","url":"https:\/\/avpsicologia.eus\/formacion\/","name":"Formaci\u00f3n en Sexualidad - Ana Vall\u00e9s Psic\u00f3loga y Sex\u00f3loga en Bilbao","isPartOf":{"@id":"https:\/\/avpsicologia.eus\/#website"},"primaryImageOfPage":{"@id":"https:\/\/avpsicologia.eus\/formacion\/#primaryimage"},"image":{"@id":"https:\/\/avpsicologia.eus\/formacion\/#primaryimage"},"thumbnailUrl":"https:\/\/avpsicologia.eus\/wp-content\/uploads\/2023\/08\/Logo-04.png","datePublished":"2023-09-01T07:55:00+00:00","dateModified":"2024-06-19T11:36:28+00:00","description":"Impartimos talleres sobre el climaterio, menopausia, menarquia, ciclo menstrual, educaci\u00f3n de los sexos, sexualidad y diversidad funcional.","breadcrumb":{"@id":"https:\/\/avpsicologia.eus\/formacion\/#breadcrumb"},"inLanguage":"eu","potentialAction":[{"@type":"ReadAction","target":["https:\/\/avpsicologia.eus\/formacion\/"]}]},{"@type":"ImageObject","inLanguage":"eu","@id":"https:\/\/avpsicologia.eus\/formacion\/#primaryimage","url":"https:\/\/avpsicologia.eus\/wp-content\/uploads\/2023\/08\/Logo-04.png","contentUrl":"https:\/\/avpsicologia.eus\/wp-content\/uploads\/2023\/08\/Logo-04.png","width":1840,"height":422},{"@type":"BreadcrumbList","@id":"https:\/\/avpsicologia.eus\/formacion\/#breadcrumb","itemListElement":[{"@type":"ListItem","position":1,"name":"Portada","item":"https:\/\/avpsicologia.eus\/"},{"@type":"ListItem","position":2,"name":"Formaci\u00f3n"}]},{"@type":"WebSite","@id":"https:\/\/avpsicologia.eus\/#website","url":"https:\/\/avpsicologia.eus\/","name":"Ana Vall\u00e9s Psic\u00f3loga y Sex\u00f3loga en Bilbao","description":"Psic\u00f3loga y Sex\u00f3loga en Bilbao","potentialAction":[{"@type":"SearchAction","target":{"@type":"EntryPoint","urlTemplate":"https:\/\/avpsicologia.eus\/?s={search_term_string}"},"query-input":{"@type":"PropertyValueSpecification","valueRequired":true,"valueName":"search_term_string"}}],"inLanguage":"eu"}]}},"_links":{"self":[{"href":"https:\/\/avpsicologia.eus\/eus\/wp-json\/wp\/v2\/pages\/678","targetHints":{"allow":["GET"]}}],"collection":[{"href":"https:\/\/avpsicologia.eus\/eus\/wp-json\/wp\/v2\/pages"}],"about":[{"href":"https:\/\/avpsicologia.eus\/eus\/wp-json\/wp\/v2\/types\/page"}],"author":[{"embeddable":true,"href":"https:\/\/avpsicologia.eus\/eus\/wp-json\/wp\/v2\/users\/1"}],"replies":[{"embeddable":true,"href":"https:\/\/avpsicologia.eus\/eus\/wp-json\/wp\/v2\/comments?post=678"}],"version-history":[{"count":62,"href":"https:\/\/avpsicologia.eus\/eus\/wp-json\/wp\/v2\/pages\/678\/revisions"}],"predecessor-version":[{"id":2002,"href":"https:\/\/avpsicologia.eus\/eus\/wp-json\/wp\/v2\/pages\/678\/revisions\/2002"}],"wp:featuredmedia":[{"embeddable":true,"href":"https:\/\/avpsicologia.eus\/eus\/wp-json\/wp\/v2\/media\/373"}],"wp:attachment":[{"href":"https:\/\/avpsicologia.eus\/eus\/wp-json\/wp\/v2\/media?parent=678"}],"curies":[{"name":"wp","href":"https:\/\/api.w.org\/{rel}","templated":true}]}}